{"id":1356,"date":"2022-05-11T11:17:21","date_gmt":"2022-05-11T11:17:21","guid":{"rendered":"https:\/\/crysshouse.datacentersiur.com\/crisshouse-blog\/"},"modified":"2022-06-16T07:04:17","modified_gmt":"2022-06-16T07:04:17","slug":"blog-crysshouse","status":"publish","type":"page","link":"https:\/\/crysshouse.it\/de\/blog-crysshouse\/","title":{"rendered":"Blog"},"content":{"rendered":"\t\t<div data-elementor-type=\"wp-page\" data-elementor-id=\"1356\" class=\"elementor elementor-1356 elementor-692\">\n\t\t\t\t\t\t<section class=\"elementor-section elementor-top-section elementor-element elementor-element-4f7c6dd5 elementor-section-height-min-height elementor-section-boxed elementor-section-height-default elementor-section-items-middle\" data-id=\"4f7c6dd5\" data-element_type=\"section\" data-settings=\"{&quot;background_background&quot;:&quot;classic&quot;}\">\n\t\t\t\t\t\t\t<div class=\"elementor-background-overlay\"><\/div>\n\t\t\t\t\t\t\t<div class=\"elementor-container elementor-column-gap-default\">\n\t\t\t\t\t<div class=\"elementor-column elementor-col-100 elementor-top-column elementor-element elementor-element-1b0cb01e\" data-id=\"1b0cb01e\" data-element_type=\"column\">\n\t\t\t<div class=\"elementor-widget-wrap elementor-element-populated\">\n\t\t\t\t\t\t<div class=\"elementor-element elementor-element-4585a0f3 elementor-view-default elementor-position-top elementor-widget elementor-widget-themo-header\" data-id=\"4585a0f3\" data-element_type=\"widget\" data-widget_type=\"themo-header.default\">\n\t\t\t\t<div class=\"elementor-widget-container\">\n\t\t\t\t\t\t\t<div class=\"th-header-wrap\">\n        <div class=\"elementor-icon-box-wrapper \">\n                            <div class=\"elementor-icon-box-content\">\n                    <h1 class=\"elementor-icon-box-title\">\n                        Crisshouse-Blog                    <\/h1>\n                                            <span class=\"th-header-divider\"><\/span>\n                                        <p class=\"elementor-icon-box-description\">Dinge zu tun und zu sehen am Gardasee.<\/p>\n\n                                    <\/div>\n            <\/div>\n\n        <\/div>\n\n\t\t\t\t\t\t<\/div>\n\t\t\t\t<\/div>\n\t\t\t\t\t<\/div>\n\t\t<\/div>\n\t\t\t\t\t<\/div>\n\t\t<\/section>\n\t\t\t\t<section class=\"elementor-section elementor-top-section elementor-element elementor-element-3c6589c8 elementor-section-boxed elementor-section-height-default elementor-section-height-default\" data-id=\"3c6589c8\" data-element_type=\"section\" data-settings=\"{&quot;background_background&quot;:&quot;classic&quot;}\">\n\t\t\t\t\t\t<div class=\"elementor-container elementor-column-gap-default\">\n\t\t\t\t\t<div class=\"elementor-column elementor-col-100 elementor-top-column elementor-element elementor-element-4544091d\" data-id=\"4544091d\" data-element_type=\"column\">\n\t\t\t<div class=\"elementor-widget-wrap elementor-element-populated\">\n\t\t\t\t\t\t<div class=\"elementor-element elementor-element-8749a10 elementor-grid-3 elementor-grid-tablet-2 elementor-grid-mobile-1 elementor-posts--thumbnail-top elementor-card-shadow-yes elementor-posts__hover-gradient elementor-widget elementor-widget-posts\" data-id=\"8749a10\" data-element_type=\"widget\" data-settings=\"{&quot;pagination_type&quot;:&quot;numbers_and_prev_next&quot;,&quot;cards_columns&quot;:&quot;3&quot;,&quot;cards_columns_tablet&quot;:&quot;2&quot;,&quot;cards_columns_mobile&quot;:&quot;1&quot;,&quot;cards_row_gap&quot;:{&quot;unit&quot;:&quot;px&quot;,&quot;size&quot;:35,&quot;sizes&quot;:[]},&quot;cards_row_gap_tablet&quot;:{&quot;unit&quot;:&quot;px&quot;,&quot;size&quot;:&quot;&quot;,&quot;sizes&quot;:[]},&quot;cards_row_gap_mobile&quot;:{&quot;unit&quot;:&quot;px&quot;,&quot;size&quot;:&quot;&quot;,&quot;sizes&quot;:[]}}\" data-widget_type=\"posts.cards\">\n\t\t\t\t<div class=\"elementor-widget-container\">\n\t\t\t\t\t\t\t<div class=\"elementor-posts-container elementor-posts elementor-posts--skin-cards elementor-grid\">\n\t\t\t\t<article class=\"elementor-post elementor-grid-item post-2095 post type-post status-publish format-standard has-post-thumbnail hentry category-gardasee\">\n\t\t\t<div class=\"elementor-post__card\">\n\t\t\t\t<a class=\"elementor-post__thumbnail__link\" href=\"https:\/\/crysshouse.it\/de\/limone-sul-garda-natur-und-vieles-mehr\/\" ><div class=\"elementor-post__thumbnail\"><img fetchpriority=\"high\" decoding=\"async\" width=\"300\" height=\"200\" src=\"https:\/\/crysshouse.it\/wp-content\/uploads\/2022\/06\/limonesulgarda-300x200.jpg\" class=\"attachment-medium size-medium wp-image-2051\" alt=\"Limone sul garda\" srcset=\"https:\/\/crysshouse.it\/wp-content\/uploads\/2022\/06\/limonesulgarda-300x200.jpg 300w, https:\/\/crysshouse.it\/wp-content\/uploads\/2022\/06\/limonesulgarda-768x512.jpg 768w, https:\/\/crysshouse.it\/wp-content\/uploads\/2022\/06\/limonesulgarda-63x42.jpg 63w, https:\/\/crysshouse.it\/wp-content\/uploads\/2022\/06\/limonesulgarda-120x80.jpg 120w, https:\/\/crysshouse.it\/wp-content\/uploads\/2022\/06\/limonesulgarda-394x263.jpg 394w, https:\/\/crysshouse.it\/wp-content\/uploads\/2022\/06\/limonesulgarda-915x610.jpg 915w, https:\/\/crysshouse.it\/wp-content\/uploads\/2022\/06\/limonesulgarda.jpg 960w\" sizes=\"(max-width: 300px) 100vw, 300px\" \/><\/div><\/a>\n\t\t\t\t<div class=\"elementor-post__badge\">Gardasee<\/div>\n\t\t\t\t<div class=\"elementor-post__text\">\n\t\t\t\t<h3 class=\"elementor-post__title\">\n\t\t\t<a href=\"https:\/\/crysshouse.it\/de\/limone-sul-garda-natur-und-vieles-mehr\/\" >\n\t\t\t\tLimone sul Garda, Natur und vieles mehr\t\t\t<\/a>\n\t\t<\/h3>\n\t\t\t\t<div class=\"elementor-post__excerpt\">\n\t\t\t<p>Ein paar historische Anmerkungen Limone sul Garda entwickelte sich wirtschaftlich in der ersten H\u00e4lfte des 15. Jahrhunderts unter der Herrschaft der Republik Venedig. Die Hauptaktivit\u00e4ten des Dorfes waren der Anbau<\/p>\n\t\t<\/div>\n\t\t\t\t<\/div>\n\t\t\t\t<div class=\"elementor-post__meta-data\">\n\t\t\t\t\t<span class=\"elementor-post-author\">\n\t\t\tCryss House\t\t<\/span>\n\t\t\t\t<span class=\"elementor-post-date\">\n\t\t\tJuni 22, 2022\t\t<\/span>\n\t\t\t\t<\/div>\n\t\t\t\t\t<\/div>\n\t\t<\/article>\n\t\t\t\t<article class=\"elementor-post elementor-grid-item post-2088 post type-post status-publish format-standard has-post-thumbnail hentry category-gardasee\">\n\t\t\t<div class=\"elementor-post__card\">\n\t\t\t\t<a class=\"elementor-post__thumbnail__link\" href=\"https:\/\/crysshouse.it\/de\/vier-schritte-zu-gardone-riviera\/\" ><div class=\"elementor-post__thumbnail\"><img decoding=\"async\" width=\"300\" height=\"200\" src=\"https:\/\/crysshouse.it\/wp-content\/uploads\/2022\/06\/vittoriale-300x200.jpg\" class=\"attachment-medium size-medium wp-image-2026\" alt=\"Gardone Riviera\" srcset=\"https:\/\/crysshouse.it\/wp-content\/uploads\/2022\/06\/vittoriale-300x200.jpg 300w, https:\/\/crysshouse.it\/wp-content\/uploads\/2022\/06\/vittoriale-768x512.jpg 768w, https:\/\/crysshouse.it\/wp-content\/uploads\/2022\/06\/vittoriale-63x42.jpg 63w, https:\/\/crysshouse.it\/wp-content\/uploads\/2022\/06\/vittoriale-120x80.jpg 120w, https:\/\/crysshouse.it\/wp-content\/uploads\/2022\/06\/vittoriale-394x263.jpg 394w, https:\/\/crysshouse.it\/wp-content\/uploads\/2022\/06\/vittoriale-915x610.jpg 915w, https:\/\/crysshouse.it\/wp-content\/uploads\/2022\/06\/vittoriale.jpg 960w\" sizes=\"(max-width: 300px) 100vw, 300px\" \/><\/div><\/a>\n\t\t\t\t<div class=\"elementor-post__badge\">Gardasee<\/div>\n\t\t\t\t<div class=\"elementor-post__text\">\n\t\t\t\t<h3 class=\"elementor-post__title\">\n\t\t\t<a href=\"https:\/\/crysshouse.it\/de\/vier-schritte-zu-gardone-riviera\/\" >\n\t\t\t\tVier Schritte zu Gardone Riviera\t\t\t<\/a>\n\t\t<\/h3>\n\t\t\t\t<div class=\"elementor-post__excerpt\">\n\t\t\t<p>Gardone Riviera, ein Juwel, das es zu entdecken gilt Gardone Riviera erstreckt sich entlang der Brescianer Seite des Gardasees und ist in der Liste der sch\u00f6nsten D\u00f6rfer Italiens enthalten. In<\/p>\n\t\t<\/div>\n\t\t\t\t<\/div>\n\t\t\t\t<div class=\"elementor-post__meta-data\">\n\t\t\t\t\t<span class=\"elementor-post-author\">\n\t\t\tCryss House\t\t<\/span>\n\t\t\t\t<span class=\"elementor-post-date\">\n\t\t\tJuni 22, 2022\t\t<\/span>\n\t\t\t\t<\/div>\n\t\t\t\t\t<\/div>\n\t\t<\/article>\n\t\t\t\t<article class=\"elementor-post elementor-grid-item post-2084 post type-post status-publish format-standard hentry category-gardasee category-unkategorisiert\">\n\t\t\t<div class=\"elementor-post__card\">\n\t\t\t\t<div class=\"elementor-post__text\">\n\t\t\t\t<h3 class=\"elementor-post__title\">\n\t\t\t<a href=\"https:\/\/crysshouse.it\/de\/kurzfuehrer-zur-entdeckung-von-toscolano-maderno\/\" >\n\t\t\t\tKurzf\u00fchrer zur Entdeckung von Toscolano Maderno\t\t\t<\/a>\n\t\t<\/h3>\n\t\t\t\t<div class=\"elementor-post__excerpt\">\n\t\t\t<p>Toscolano Maderno , erstes Papierzentrum des f\u00fcnfzehnten Jahrhunderts, Land der Fischerei, der Landwirtschaft und des Tourismus, bietet eindrucksvolle Landschaften und Ferienorte Ein charmantes Dorf im Paper Mills Valley Toscolano Maderno<\/p>\n\t\t<\/div>\n\t\t\t\t<\/div>\n\t\t\t\t<div class=\"elementor-post__meta-data\">\n\t\t\t\t\t<span class=\"elementor-post-author\">\n\t\t\tCryss House\t\t<\/span>\n\t\t\t\t<span class=\"elementor-post-date\">\n\t\t\tJuni 22, 2022\t\t<\/span>\n\t\t\t\t<\/div>\n\t\t\t\t\t<\/div>\n\t\t<\/article>\n\t\t\t\t<article class=\"elementor-post elementor-grid-item post-1490 post type-post status-publish format-standard has-post-thumbnail hentry category-gardasee tag-information-de tag-tipps\">\n\t\t\t<div class=\"elementor-post__card\">\n\t\t\t\t<a class=\"elementor-post__thumbnail__link\" href=\"https:\/\/crysshouse.it\/de\/riva-del-garda-und-umgebung-das-konnen-sie-an-einem-tag-sehen\/\" ><div class=\"elementor-post__thumbnail\"><img decoding=\"async\" width=\"300\" height=\"169\" src=\"https:\/\/crysshouse.it\/wp-content\/uploads\/2022\/05\/riva-del-Garda-300x169.jpg\" class=\"attachment-medium size-medium wp-image-1333\" alt=\"Tremosine sul Garda\" srcset=\"https:\/\/crysshouse.it\/wp-content\/uploads\/2022\/05\/riva-del-Garda-300x169.jpg 300w, https:\/\/crysshouse.it\/wp-content\/uploads\/2022\/05\/riva-del-Garda-1024x576.jpg 1024w, https:\/\/crysshouse.it\/wp-content\/uploads\/2022\/05\/riva-del-Garda-768x432.jpg 768w, https:\/\/crysshouse.it\/wp-content\/uploads\/2022\/05\/riva-del-Garda-1536x864.jpg 1536w, https:\/\/crysshouse.it\/wp-content\/uploads\/2022\/05\/riva-del-Garda-2048x1152.jpg 2048w, https:\/\/crysshouse.it\/wp-content\/uploads\/2022\/05\/riva-del-Garda-75x42.jpg 75w, https:\/\/crysshouse.it\/wp-content\/uploads\/2022\/05\/riva-del-Garda-142x80.jpg 142w, https:\/\/crysshouse.it\/wp-content\/uploads\/2022\/05\/riva-del-Garda-394x222.jpg 394w, https:\/\/crysshouse.it\/wp-content\/uploads\/2022\/05\/riva-del-Garda-915x515.jpg 915w, https:\/\/crysshouse.it\/wp-content\/uploads\/2022\/05\/riva-del-Garda-1240x698.jpg 1240w, https:\/\/crysshouse.it\/wp-content\/uploads\/2022\/05\/riva-del-Garda-1920x1080.jpg 1920w\" sizes=\"(max-width: 300px) 100vw, 300px\" \/><\/div><\/a>\n\t\t\t\t<div class=\"elementor-post__badge\">Gardasee<\/div>\n\t\t\t\t<div class=\"elementor-post__text\">\n\t\t\t\t<h3 class=\"elementor-post__title\">\n\t\t\t<a href=\"https:\/\/crysshouse.it\/de\/riva-del-garda-und-umgebung-das-konnen-sie-an-einem-tag-sehen\/\" >\n\t\t\t\tRiva Del Garda und Umgebung: Das k\u00f6nnen Sie an einem Tag sehen\t\t\t<\/a>\n\t\t<\/h3>\n\t\t\t\t<div class=\"elementor-post__excerpt\">\n\t\t\t<p>Riva Del Garda und Umgebung: Das k\u00f6nnen Sie an einem Tag sehen Riva del Garda ist zweifellos die K\u00f6nigin des Ganzen&nbsp;Gardasee . In einem Sportparadies ist es richtig, f\u00fcr einen<\/p>\n\t\t<\/div>\n\t\t\t\t<\/div>\n\t\t\t\t<div class=\"elementor-post__meta-data\">\n\t\t\t\t\t<span class=\"elementor-post-author\">\n\t\t\tCryss House\t\t<\/span>\n\t\t\t\t<span class=\"elementor-post-date\">\n\t\t\tJuni 14, 2022\t\t<\/span>\n\t\t\t\t<\/div>\n\t\t\t\t\t<\/div>\n\t\t<\/article>\n\t\t\t\t<article class=\"elementor-post elementor-grid-item post-1475 post type-post status-publish format-standard has-post-thumbnail hentry category-gardasee tag-information-de tag-tipps\">\n\t\t\t<div class=\"elementor-post__card\">\n\t\t\t\t<a class=\"elementor-post__thumbnail__link\" href=\"https:\/\/crysshouse.it\/de\/garda-insel\/\" ><div class=\"elementor-post__thumbnail\"><img loading=\"lazy\" decoding=\"async\" width=\"300\" height=\"200\" src=\"https:\/\/crysshouse.it\/wp-content\/uploads\/2022\/05\/isola-del-garda-300x200.jpg\" class=\"attachment-medium size-medium wp-image-1331\" alt=\"\" srcset=\"https:\/\/crysshouse.it\/wp-content\/uploads\/2022\/05\/isola-del-garda-300x200.jpg 300w, https:\/\/crysshouse.it\/wp-content\/uploads\/2022\/05\/isola-del-garda-1024x683.jpg 1024w, https:\/\/crysshouse.it\/wp-content\/uploads\/2022\/05\/isola-del-garda-768x512.jpg 768w, https:\/\/crysshouse.it\/wp-content\/uploads\/2022\/05\/isola-del-garda-63x42.jpg 63w, https:\/\/crysshouse.it\/wp-content\/uploads\/2022\/05\/isola-del-garda-120x80.jpg 120w, https:\/\/crysshouse.it\/wp-content\/uploads\/2022\/05\/isola-del-garda-394x263.jpg 394w, https:\/\/crysshouse.it\/wp-content\/uploads\/2022\/05\/isola-del-garda-915x610.jpg 915w, https:\/\/crysshouse.it\/wp-content\/uploads\/2022\/05\/isola-del-garda-1240x827.jpg 1240w, https:\/\/crysshouse.it\/wp-content\/uploads\/2022\/05\/isola-del-garda.jpg 1474w\" sizes=\"(max-width: 300px) 100vw, 300px\" \/><\/div><\/a>\n\t\t\t\t<div class=\"elementor-post__badge\">Gardasee<\/div>\n\t\t\t\t<div class=\"elementor-post__text\">\n\t\t\t\t<h3 class=\"elementor-post__title\">\n\t\t\t<a href=\"https:\/\/crysshouse.it\/de\/garda-insel\/\" >\n\t\t\t\tGarda-Insel\t\t\t<\/a>\n\t\t<\/h3>\n\t\t\t\t<div class=\"elementor-post__excerpt\">\n\t\t\t<p>DIE SKULPTURENLIGNEE DI GIANLUIGIZAMBELLI DIE W\u00c4CHTER DES GARTENS VON ISOLA DEL GARDA Der Park der Isola del Garda erscheint belebt von mysteri\u00f6sen Wesen, Kreaturen auf halbem Weg zwischen Mensch und<\/p>\n\t\t<\/div>\n\t\t\t\t<\/div>\n\t\t\t\t<div class=\"elementor-post__meta-data\">\n\t\t\t\t\t<span class=\"elementor-post-author\">\n\t\t\tCryss House\t\t<\/span>\n\t\t\t\t<span class=\"elementor-post-date\">\n\t\t\tJuni 14, 2022\t\t<\/span>\n\t\t\t\t<\/div>\n\t\t\t\t\t<\/div>\n\t\t<\/article>\n\t\t\t\t<article class=\"elementor-post elementor-grid-item post-1473 post type-post status-publish format-standard has-post-thumbnail hentry category-gardasee tag-information-de tag-tipps\">\n\t\t\t<div class=\"elementor-post__card\">\n\t\t\t\t<a class=\"elementor-post__thumbnail__link\" href=\"https:\/\/crysshouse.it\/de\/gardaland-und-die-anderen-parks-am-gardasee\/\" ><div class=\"elementor-post__thumbnail\"><img loading=\"lazy\" decoding=\"async\" width=\"300\" height=\"169\" src=\"https:\/\/crysshouse.it\/wp-content\/uploads\/2022\/05\/Gardaland-magic-tree-300x169.jpg\" class=\"attachment-medium size-medium wp-image-1335\" alt=\"\" srcset=\"https:\/\/crysshouse.it\/wp-content\/uploads\/2022\/05\/Gardaland-magic-tree-300x169.jpg 300w, https:\/\/crysshouse.it\/wp-content\/uploads\/2022\/05\/Gardaland-magic-tree-1024x576.jpg 1024w, https:\/\/crysshouse.it\/wp-content\/uploads\/2022\/05\/Gardaland-magic-tree-768x432.jpg 768w, https:\/\/crysshouse.it\/wp-content\/uploads\/2022\/05\/Gardaland-magic-tree-75x42.jpg 75w, https:\/\/crysshouse.it\/wp-content\/uploads\/2022\/05\/Gardaland-magic-tree-142x80.jpg 142w, https:\/\/crysshouse.it\/wp-content\/uploads\/2022\/05\/Gardaland-magic-tree-394x222.jpg 394w, https:\/\/crysshouse.it\/wp-content\/uploads\/2022\/05\/Gardaland-magic-tree-915x515.jpg 915w, https:\/\/crysshouse.it\/wp-content\/uploads\/2022\/05\/Gardaland-magic-tree-1240x698.jpg 1240w, https:\/\/crysshouse.it\/wp-content\/uploads\/2022\/05\/Gardaland-magic-tree.jpg 1280w\" sizes=\"(max-width: 300px) 100vw, 300px\" \/><\/div><\/a>\n\t\t\t\t<div class=\"elementor-post__badge\">Gardasee<\/div>\n\t\t\t\t<div class=\"elementor-post__text\">\n\t\t\t\t<h3 class=\"elementor-post__title\">\n\t\t\t<a href=\"https:\/\/crysshouse.it\/de\/gardaland-und-die-anderen-parks-am-gardasee\/\" >\n\t\t\t\tGardaland und die anderen Parks am Gardasee\t\t\t<\/a>\n\t\t<\/h3>\n\t\t\t\t<div class=\"elementor-post__excerpt\">\n\t\t\t<p>F\u00fcr diejenigen, die Garda besuchen und ihre Kinder mitbringen, ist sicherlich die st\u00e4rkste Versuchung, das ber\u00fchmte Gardaland zu besuchen. Der gr\u00f6\u00dfte Vergn\u00fcgungspark Italiens , der viele Attraktionen, unterhaltsame Aktivit\u00e4ten f\u00fcr<\/p>\n\t\t<\/div>\n\t\t\t\t<\/div>\n\t\t\t\t<div class=\"elementor-post__meta-data\">\n\t\t\t\t\t<span class=\"elementor-post-author\">\n\t\t\tCryss House\t\t<\/span>\n\t\t\t\t<span class=\"elementor-post-date\">\n\t\t\tJuni 14, 2022\t\t<\/span>\n\t\t\t\t<\/div>\n\t\t\t\t\t<\/div>\n\t\t<\/article>\n\t\t\t\t<\/div>\n\n\n\t\t\n\t\t\t\t<div class=\"e-load-more-anchor\" data-page=\"1\" data-max-page=\"2\" data-next-page=\"https:\/\/crysshouse.it\/de\/wp-json\/wp\/v2\/pages\/1356\/page\/2\/\"><\/div>\n\t\t\t\t<nav class=\"elementor-pagination\" role=\"navigation\" aria-label=\"Pagination\">\n\t\t\t<span class=\"page-numbers prev\">\"Bisherige<\/span>\n<span aria-current=\"page\" class=\"page-numbers current\"><span class=\"elementor-screen-only\">Page<\/span>1<\/span>\n<a class=\"page-numbers\" href=\"https:\/\/crysshouse.it\/de\/wp-json\/wp\/v2\/pages\/1356\/page\/2\/\"><span class=\"elementor-screen-only\">Page<\/span>2<\/a>\n<a class=\"page-numbers next\" href=\"https:\/\/crysshouse.it\/de\/wp-json\/wp\/v2\/pages\/1356\/page\/2\/\">N\u00e4chste \"<\/a>\t\t<\/nav>\n\t\t\t\t\t\t<\/div>\n\t\t\t\t<\/div>\n\t\t\t\t\t<\/div>\n\t\t<\/div>\n\t\t\t\t\t<\/div>\n\t\t<\/section>\n\t\t\t\t<\/div>\n\t\t","protected":false},"excerpt":{"rendered":"<p>Crisshouse-Blog Dinge zu tun und zu sehen am Gardasee.<\/p>\n","protected":false},"author":1,"featured_media":0,"parent":0,"menu_order":0,"comment_status":"closed","ping_status":"closed","template":"","meta":{"footnotes":""},"class_list":["post-1356","page","type-page","status-publish","hentry"],"yoast_head":"<!-- This site is optimized with the Yoast SEO Premium plugin v18.5 (Yoast SEO v25.1) - https:\/\/yoast.com\/wordpress\/plugins\/seo\/ -->\n<title>Blog - Casa vacanze ampi alloggi di Lusso e piscina. Villa sul lago di Garda.<\/title>\n<meta name=\"robots\" content=\"index, follow, max-snippet:-1, max-image-preview:large, max-video-preview:-1\" \/>\n<link rel=\"canonical\" href=\"https:\/\/crysshouse.it\/de\/blog-crysshouse\/\" \/>\n<meta property=\"og:locale\" content=\"de_DE\" \/>\n<meta property=\"og:type\" content=\"article\" \/>\n<meta property=\"og:title\" content=\"Blog\" \/>\n<meta property=\"og:description\" content=\"Crisshouse-Blog Dinge zu tun und zu sehen am Gardasee.\" \/>\n<meta property=\"og:url\" content=\"https:\/\/crysshouse.it\/de\/blog-crysshouse\/\" \/>\n<meta property=\"og:site_name\" content=\"Casa vacanze ampi alloggi di Lusso e piscina. Villa sul lago di Garda.\" \/>\n<meta property=\"article:modified_time\" content=\"2022-06-16T07:04:17+00:00\" \/>\n<meta name=\"twitter:card\" content=\"summary_large_image\" \/>\n<script type=\"application\/ld+json\" class=\"yoast-schema-graph\">{\"@context\":\"https:\/\/schema.org\",\"@graph\":[{\"@type\":\"WebPage\",\"@id\":\"https:\/\/crysshouse.it\/de\/blog-crysshouse\/\",\"url\":\"https:\/\/crysshouse.it\/de\/blog-crysshouse\/\",\"name\":\"Blog - Casa vacanze ampi alloggi di Lusso e piscina. Villa sul lago di Garda.\",\"isPartOf\":{\"@id\":\"https:\/\/crysshouse.it\/#website\"},\"datePublished\":\"2022-05-11T11:17:21+00:00\",\"dateModified\":\"2022-06-16T07:04:17+00:00\",\"breadcrumb\":{\"@id\":\"https:\/\/crysshouse.it\/de\/blog-crysshouse\/#breadcrumb\"},\"inLanguage\":\"de\",\"potentialAction\":[{\"@type\":\"ReadAction\",\"target\":[\"https:\/\/crysshouse.it\/de\/blog-crysshouse\/\"]}]},{\"@type\":\"BreadcrumbList\",\"@id\":\"https:\/\/crysshouse.it\/de\/blog-crysshouse\/#breadcrumb\",\"itemListElement\":[{\"@type\":\"ListItem\",\"position\":1,\"name\":\"Home\",\"item\":\"https:\/\/crysshouse.it\/\"},{\"@type\":\"ListItem\",\"position\":2,\"name\":\"Blog\"}]},{\"@type\":\"WebSite\",\"@id\":\"https:\/\/crysshouse.it\/#website\",\"url\":\"https:\/\/crysshouse.it\/\",\"name\":\"Casa vacanze ampi alloggi di Lusso e piscina. Villa sul lago di Garda.\",\"description\":\"Cryss House villa con alloggi di lusso completamente ristrutturati sul Lago di Garda. Casa vacanze con ogni comfort vista lago, piscina, parcheggio e giardino.\",\"publisher\":{\"@id\":\"https:\/\/crysshouse.it\/#organization\"},\"potentialAction\":[{\"@type\":\"SearchAction\",\"target\":{\"@type\":\"EntryPoint\",\"urlTemplate\":\"https:\/\/crysshouse.it\/?s={search_term_string}\"},\"query-input\":{\"@type\":\"PropertyValueSpecification\",\"valueRequired\":true,\"valueName\":\"search_term_string\"}}],\"inLanguage\":\"de\"},{\"@type\":\"Organization\",\"@id\":\"https:\/\/crysshouse.it\/#organization\",\"name\":\"Casa vacanze ampi alloggi di Lusso e piscina. Villa sul lago di Garda.\",\"url\":\"https:\/\/crysshouse.it\/\",\"logo\":{\"@type\":\"ImageObject\",\"inLanguage\":\"de\",\"@id\":\"https:\/\/crysshouse.it\/#\/schema\/logo\/image\/\",\"url\":\"https:\/\/crysshouse.it\/wp-content\/uploads\/2022\/05\/cropped-cropped-crysshouse-logo.png\",\"contentUrl\":\"https:\/\/crysshouse.it\/wp-content\/uploads\/2022\/05\/cropped-cropped-crysshouse-logo.png\",\"width\":911,\"height\":296,\"caption\":\"Casa vacanze ampi alloggi di Lusso e piscina. Villa sul lago di Garda.\"},\"image\":{\"@id\":\"https:\/\/crysshouse.it\/#\/schema\/logo\/image\/\"}}]}<\/script>\n<!-- \/ Yoast SEO Premium plugin. -->","yoast_head_json":{"title":"Blog - Casa vacanze ampi alloggi di Lusso e piscina. Villa sul lago di Garda.","robots":{"index":"index","follow":"follow","max-snippet":"max-snippet:-1","max-image-preview":"max-image-preview:large","max-video-preview":"max-video-preview:-1"},"canonical":"https:\/\/crysshouse.it\/de\/blog-crysshouse\/","og_locale":"de_DE","og_type":"article","og_title":"Blog","og_description":"Crisshouse-Blog Dinge zu tun und zu sehen am Gardasee.","og_url":"https:\/\/crysshouse.it\/de\/blog-crysshouse\/","og_site_name":"Casa vacanze ampi alloggi di Lusso e piscina. Villa sul lago di Garda.","article_modified_time":"2022-06-16T07:04:17+00:00","twitter_card":"summary_large_image","schema":{"@context":"https:\/\/schema.org","@graph":[{"@type":"WebPage","@id":"https:\/\/crysshouse.it\/de\/blog-crysshouse\/","url":"https:\/\/crysshouse.it\/de\/blog-crysshouse\/","name":"Blog - Casa vacanze ampi alloggi di Lusso e piscina. Villa sul lago di Garda.","isPartOf":{"@id":"https:\/\/crysshouse.it\/#website"},"datePublished":"2022-05-11T11:17:21+00:00","dateModified":"2022-06-16T07:04:17+00:00","breadcrumb":{"@id":"https:\/\/crysshouse.it\/de\/blog-crysshouse\/#breadcrumb"},"inLanguage":"de","potentialAction":[{"@type":"ReadAction","target":["https:\/\/crysshouse.it\/de\/blog-crysshouse\/"]}]},{"@type":"BreadcrumbList","@id":"https:\/\/crysshouse.it\/de\/blog-crysshouse\/#breadcrumb","itemListElement":[{"@type":"ListItem","position":1,"name":"Home","item":"https:\/\/crysshouse.it\/"},{"@type":"ListItem","position":2,"name":"Blog"}]},{"@type":"WebSite","@id":"https:\/\/crysshouse.it\/#website","url":"https:\/\/crysshouse.it\/","name":"Casa vacanze ampi alloggi di Lusso e piscina. Villa sul lago di Garda.","description":"Cryss House villa con alloggi di lusso completamente ristrutturati sul Lago di Garda. Casa vacanze con ogni comfort vista lago, piscina, parcheggio e giardino.","publisher":{"@id":"https:\/\/crysshouse.it\/#organization"},"potentialAction":[{"@type":"SearchAction","target":{"@type":"EntryPoint","urlTemplate":"https:\/\/crysshouse.it\/?s={search_term_string}"},"query-input":{"@type":"PropertyValueSpecification","valueRequired":true,"valueName":"search_term_string"}}],"inLanguage":"de"},{"@type":"Organization","@id":"https:\/\/crysshouse.it\/#organization","name":"Casa vacanze ampi alloggi di Lusso e piscina. Villa sul lago di Garda.","url":"https:\/\/crysshouse.it\/","logo":{"@type":"ImageObject","inLanguage":"de","@id":"https:\/\/crysshouse.it\/#\/schema\/logo\/image\/","url":"https:\/\/crysshouse.it\/wp-content\/uploads\/2022\/05\/cropped-cropped-crysshouse-logo.png","contentUrl":"https:\/\/crysshouse.it\/wp-content\/uploads\/2022\/05\/cropped-cropped-crysshouse-logo.png","width":911,"height":296,"caption":"Casa vacanze ampi alloggi di Lusso e piscina. Villa sul lago di Garda."},"image":{"@id":"https:\/\/crysshouse.it\/#\/schema\/logo\/image\/"}}]}},"_links":{"self":[{"href":"https:\/\/crysshouse.it\/de\/wp-json\/wp\/v2\/pages\/1356","targetHints":{"allow":["GET"]}}],"collection":[{"href":"https:\/\/crysshouse.it\/de\/wp-json\/wp\/v2\/pages"}],"about":[{"href":"https:\/\/crysshouse.it\/de\/wp-json\/wp\/v2\/types\/page"}],"author":[{"embeddable":true,"href":"https:\/\/crysshouse.it\/de\/wp-json\/wp\/v2\/users\/1"}],"replies":[{"embeddable":true,"href":"https:\/\/crysshouse.it\/de\/wp-json\/wp\/v2\/comments?post=1356"}],"version-history":[{"count":6,"href":"https:\/\/crysshouse.it\/de\/wp-json\/wp\/v2\/pages\/1356\/revisions"}],"predecessor-version":[{"id":1772,"href":"https:\/\/crysshouse.it\/de\/wp-json\/wp\/v2\/pages\/1356\/revisions\/1772"}],"wp:attachment":[{"href":"https:\/\/crysshouse.it\/de\/wp-json\/wp\/v2\/media?parent=1356"}],"curies":[{"name":"wp","href":"https:\/\/api.w.org\/{rel}","templated":true}]}}