{"id":1368,"date":"2022-05-11T14:49:31","date_gmt":"2022-05-11T14:49:31","guid":{"rendered":"https:\/\/crysshouse.datacentersiur.com\/cookie-richtlinie\/"},"modified":"2022-06-14T15:17:20","modified_gmt":"2022-06-14T15:17:20","slug":"cookie-policy","status":"publish","type":"page","link":"https:\/\/crysshouse.it\/de\/cookie-policy\/","title":{"rendered":"Cookie-Richtlinie"},"content":{"rendered":"\t\t<div data-elementor-type=\"wp-page\" data-elementor-id=\"1368\" class=\"elementor elementor-1368 elementor-791\">\n\t\t\t\t\t\t<section class=\"elementor-section elementor-top-section elementor-element elementor-element-53b86ceb elementor-section-boxed elementor-section-height-default elementor-section-height-default\" data-id=\"53b86ceb\" data-element_type=\"section\">\n\t\t\t\t\t\t<div class=\"elementor-container elementor-column-gap-default\">\n\t\t\t\t\t<div class=\"elementor-column elementor-col-100 elementor-top-column elementor-element elementor-element-57edcb99\" data-id=\"57edcb99\" data-element_type=\"column\">\n\t\t\t<div class=\"elementor-widget-wrap elementor-element-populated\">\n\t\t\t\t\t\t<div class=\"elementor-element elementor-element-4093c8fe elementor-widget elementor-widget-text-editor\" data-id=\"4093c8fe\" data-element_type=\"widget\" data-widget_type=\"text-editor.default\">\n\t\t\t\t<div class=\"elementor-widget-container\">\n\t\t\t\t\t\t\t\t\t<div class=\"page-header\">\n<h2>Cryss House &#8211; Cookie-Richtlinie<\/h2>\n<\/div>\n<div class=\"entry-header\">\n<h2>COOKIE-RICHTLINIE<\/h2>\n<\/div>\n<div>\n<h2 class=\"Stile1\">Cookie-Richtlinie von www.crysshouse.it<\/h2>\n<hr>\n<p><span class=\"Stile3\">Die \u201eWebsite\u201c (http:\/\/www.crysshouse.it \/) verwendet Cookies, um unsere Dienste f\u00fcr Benutzer, die die Seiten von http:\/\/www.crysshouse.it \/ anzeigen, einfach und effizient zu gestalten.<br>Benutzer, die die Website anzeigen, sehen minimale Mengen an Informationen, die in die verwendeten Ger\u00e4te eingegeben werden, unabh\u00e4ngig davon, ob es sich um Computer oder mobile Ger\u00e4te handelt, in kleinen Textdateien, die als \u201eCookies\u201c bezeichnet werden und in den vom Webbrowser des Benutzers verwendeten Verzeichnissen gespeichert sind. Es gibt verschiedene Arten von Cookies, einige, um die Nutzung der Website effektiver zu gestalten, andere, um bestimmte Funktionen zu aktivieren. Durch ihre detaillierte Analyse erm\u00f6glichen Ihnen unsere Cookies:<\/span><br><span class=\"Stile3\">&#8211; die eingegebenen Pr\u00e4ferenzen speichern;<br>&#8211; Vermeiden Sie es, w\u00e4hrend des Besuchs mehrmals dieselben Informationen wie Benutzername und Passwort erneut einzugeben;<br>&#8211; Analysieren Sie die Nutzung der von www.crysshouse.it bereitgestellten Dienste und Inhalte, um das Surferlebnis und die angebotenen Dienste zu optimieren.<\/span><\/p>\n<button class=\"accordion active\"><span class=\"Stile3\">ARTEN VON COOKIES<\/span><\/button>\n<div class=\"panel\">\n<p> <\/p>\n<table border=\"0\" width=\"100%\" cellspacing=\"10\" cellpadding=\"0\">\n<tbody>\n<tr>\n<td><span class=\"Stile3\">Technische Cookies<\/span><\/td>\n<td><span class=\"Stile3\">Diese Art von Cookie sorgt daf\u00fcr, dass bestimmte Bereiche der Website korrekt funktionieren. Sie geh\u00f6ren zu zwei Kategorien:<br>Persistent und Session: &#8211; Persistent: Beim Schlie\u00dfen des Browsers werden sie nicht zerst\u00f6rt, sondern bleiben bis zu einem voreingestellten Ablaufdatum erhalten.<br>&#8211; Sitzung: Sie werden jedes Mal zerst\u00f6rt, wenn der Browser geschlossen wird.<br>Diese Cookies, die immer von unserer Domain gesendet werden, sind notwendig, um die Website korrekt anzuzeigen, und in Bezug auf die angebotenen technischen Dienste, sie werden daher immer verwendet und gesendet, es sei denn, der Benutzer \u00e4ndert die Einstellungen in seinem Browser (wodurch die Anzeige der Seiten der Website).<br><\/span><\/td>\n<\/tr>\n<tr>\n<td><span class=\"Stile3\">Analytische Cookies<\/span><\/td>\n<td><span class=\"Stile3\">Die Cookies dieser Kategorie werden verwendet, um Informationen \u00fcber die Nutzung der Website zu sammeln. www.crysshouse.it wird diese Informationen in Bezug auf anonyme statistische Analysen verwenden, um die Nutzung der Website zu verbessern und den Inhalt interessanter und relevanter f\u00fcr die W\u00fcnsche der Benutzer zu gestalten. Diese Art von Cookie sammelt anonyme Daten \u00fcber Benutzeraktivit\u00e4ten und wie sie auf der Website angekommen sind. Analytische Cookies werden von der Website selbst oder von Dom\u00e4nen Dritter gesendet.<br><\/span><\/td>\n<\/tr>\n<tr>\n<td><span class=\"Stile3\">Analyse-Cookies von Drittanbietern<\/span><\/td>\n<td><span class=\"Stile3\">Diese Cookies werden verwendet, um Informationen \u00fcber die Nutzung der Website durch Benutzer anonym zu sammeln, wie beispielsweise: besuchte Seiten, verbrachte Zeit, Herkunft des Verkehrs, geografische Herkunft, Alter, Geschlecht und Interessen zum Zwecke von Marketingkampagnen. . Diese Cookies werden von Dom\u00e4nen von Drittanbietern au\u00dferhalb der Website gesendet.<br><\/span><\/td>\n<\/tr>\n<tr>\n<td><span class=\"Stile3\">Cookies zur Integration von Softwareprodukten und -funktionen von Drittanbietern<\/span><\/td>\n<td><span class=\"Stile3\">Diese Art von Cookie integriert Funktionen, die von Dritten auf den Seiten der Website entwickelt wurden, wie z Landkarten und Zusatzsoftware mit Zusatzdiensten). Diese Cookies werden von Domains von Drittanbietern und von Partnerseiten gesendet, die ihre Funktionalit\u00e4t auf den Seiten der Website anbieten.<br><\/span><\/td>\n<\/tr>\n<tr>\n<td><span class=\"Stile3\">Profiling-Cookies<\/span><\/td>\n<td><span class=\"Stile3\">Diese Cookies sind erforderlich, um Benutzerprofile zu erstellen, um Werbebotschaften gem\u00e4\u00df den vom Benutzer auf den Seiten der Website ge\u00e4u\u00dferten Pr\u00e4ferenzen zu senden.<br><\/span><\/td>\n<\/tr>\n<\/tbody>\n<\/table>\n<span class=\"Stile3\">F\u00fcr alle anderen Arten von Cookies kann die Zustimmung durch den Benutzer mit einer oder mehreren der folgenden Methoden ausgedr\u00fcckt werden:<br>&#8211; Durch spezifische Konfigurationen des verwendeten Browsers oder der zugeh\u00f6rigen Computerprogramme, die zum Navigieren auf den Seiten verwendet werden, aus denen sich die Website zusammensetzt.<br>&#8211; Durch \u00c4nderung der Einstellungen bei der Nutzung von Diensten Dritter<br>&#8211; Beide L\u00f6sungen k\u00f6nnten den Benutzer daran hindern, Teile der Website zu verwenden oder anzuzeigen.<br><\/span>\n<p> <\/p>\n<\/div>\n<button class=\"accordion active\"><span class=\"Stile3\">NAME, ART, ZWECK UND BESCHREIBUNG DER VERWENDETEN COOKIES<\/span><\/button>\n<div class=\"panel\">\n<p> <\/p>\n<table border=\"0\" width=\"100%\" cellspacing=\"0\" cellpadding=\"10\">\n<tbody>\n<tr>\n<td><span class=\"Stile3\"><b>Vorname<\/b><\/span><\/td>\n<td><span class=\"Stile3\"><b>Typologie<\/b><\/span><\/td>\n<td><span class=\"Stile3\"><b>Zweck und Beschreibung von Cookies<\/b><\/span><\/td>\n<\/tr>\n<tr>\n<td><span class=\"Stile3\">Joomla-Cookie<\/span><\/td>\n<td><span class=\"Stile3\">Durchsuchen von Cookies<\/span><\/td>\n<td><span class=\"Stile3\">Cookies haben die ausschlie\u00dfliche Funktion, eingeloggte Benutzer zu erkennen und die Navigation auf der Website auch in eingeschr\u00e4nkten Bereichen zu erm\u00f6glichen.<\/span><\/td>\n<\/tr>\n<tr>\n<td><span class=\"Stile3\">Leistungs-Cookies<\/span><\/td>\n<td><span class=\"Stile3\">Durchsuchen von Cookies<\/span><\/td>\n<td><span class=\"Stile3\">Cookies haben die Funktion, Informationen auf Inline-Stylesheets zu speichern, um nachfolgende Besuche des Benutzers zu beschleunigen und eine schnellere und kosteng\u00fcnstigere Navigation zu erm\u00f6glichen.<\/span><\/td>\n<\/tr>\n<tr>\n<td><span class=\"Stile3\">Google Analytics<\/span><\/td>\n<td><span class=\"Stile3\">Cookies von Drittanbietern<\/span><\/td>\n<td><span class=\"Stile3\">www.crysshouse.it verwendet einen solchen Webanalysedienst von Google Inc. um aggregierte statistische Informationen zu erhalten, die f\u00fcr die Auswertung der Nutzung der Website und der vom Besucher durchgef\u00fchrten Aktivit\u00e4ten n\u00fctzlich sind. Google speichert die durch den Cookie gesammelten Informationen auf Servern, die sich auch in den USA befinden k\u00f6nnen. Google beh\u00e4lt sich das Recht vor, die mit seinem Cookie gesammelten Informationen an Dritte zu \u00fcbertragen, sofern dies gesetzlich vorgeschrieben ist oder soweit Dritte Informationen in ihrem Auftrag verarbeiten. Google wird Ihre IP-Adresse nicht mit anderen Daten von Google in Verbindung bringen, um ein detaillierteres Nutzerprofil zu erhalten. Weitere Informationen zum Datenschutzmanagement und\/oder zum Ablehnen oder L\u00f6schen dieser Art von Cookies finden Sie unter der URL: http:\/\/www.google.com\/intl\/it_ALL\/analytics\/learn\/privacy.html Deaktivieren Sie die Aktion selektiv von Google Analytics, indem Sie die von Google bereitgestellte Deaktivierungskomponente in Ihrem Browser installieren. Um die Erfassung von Daten durch Google Analytics zu deaktivieren, verwenden Sie bitte den folgenden Link: https:\/\/tools.google.com\/dlpage\/gaoptout<\/span><\/td>\n<\/tr>\n<tr>\n<td><span class=\"Stile3\">Eingebettete Inhalte<\/span><\/td>\n<td><span class=\"Stile3\">Cookies von Drittanbietern<\/span><\/td>\n<td><span class=\"Stile3\">www.crysshouse.it verwendet teilweise Youtube-Videos, Inhalte der sozialen Netzwerke Twitter, Facebook, Google+ und generell ggf. einbettbare Inhalte anderer Plattformen. www.crysshouse.it kann die Cookies, die diese Websites von Drittanbietern liefern, nicht kontrollieren, und aus diesem Grund ist es ratsam, sich direkt bei jedem Drittanbieter zu erkundigen, um mehr Kontrolle \u00fcber diese Cookies zu haben. Hier sind einige n\u00fctzliche Links zu den erw\u00e4hnten Cookie-Richtlinien von Drittanbietern:<br><\/span>\n<p><span class=\"Stile3\">Facebook: <a href=\"https:\/\/www.facebook.com\/help\/cookies\/\">https:\/\/www.facebook.com\/help\/cookies\/<\/a><br>Twitter: <a href=\"https:\/\/twitter.com\/privacy?lang=it\">https:\/\/twitter.com\/privacy?lang=it<\/a><br>Youtube: <a href=\"https:\/\/www.google.it\/intl\/it\/policies\/privacy\/\">https:\/\/www.google.it\/intl\/it\/policies\/privacy\/<\/a><br>Google+: <a href=\"http:\/\/www.google.com\/policies\/technologies\/types\/\">http:\/\/www.google.com\/policies\/technologies\/types\/<\/a><br>Pinterest: <a href=\"https:\/\/about.pinterest.com\/it\/privacy-policy\">https:\/\/about.pinterest.com\/it\/privacy-policy<\/a><br>Gravatar: <a href=\"http:\/\/automattic.com\/privacy\/\">http:\/\/automattic.com\/privacy\/<\/a><\/span><\/p>\n<\/td>\n<\/tr>\n<tr>\n<td><span class=\"Stile3\">Google-Schriftarten<\/span><\/td>\n<td><span class=\"Stile3\">Cookies von Drittanbietern<\/span><\/td>\n<td><span class=\"Stile3\">www.crysshouse.it verwendet in einigen Teilen der Website Schriftarten des Dienstes Google Fonts. F\u00fcr Informationen zu den betreffenden Cookies finden Sie hier den Link: <a href=\"https:\/\/www.google.it\/intl\/it\/policies\/privacy\/\">https:\/\/www.google.it\/intl\/it\/policies\/privacy\/<\/a><\/span><\/td>\n<\/tr>\n<\/tbody>\n<\/table>\n<span class=\"Stile3\">Dies sind die Cookies auf www.crysshouse.it<br><br><br>3684bbf3da3013e3dd169b38ea608c20 Sitzungscookie<br>485d704a396a141d66b83229bb470f39 Sitzungscookie _ga Google Analytics<br>_gat_gtag Google Analytics<br>_gid Google Analytics<br><\/span>\n<p> <\/p>\n<\/div>\n<button class=\"accordion active\"><span class=\"Stile3\">SO DEAKTIVIEREN SIE COOKIES DURCH DIE KONFIGURATION DES BROWSERS<\/span><\/button>\n<div class=\"panel\"><span class=\"Stile3\">Wenn Sie mehr dar\u00fcber erfahren m\u00f6chten, wie Ihr Browser w\u00e4hrend Ihrer Navigation Cookies speichert, folgen Sie bitte diesen Links auf den Seiten der jeweiligen Anbieter.<\/span>\n<p> <\/p>\n<table>\n<tbody>\n<tr>\n<td><span class=\"Stile3\">Mozilla-Firefox<\/span><\/td>\n<td><a href=\"https:\/\/support.mozilla.org\/it\/kb\/Gestione%20dei%20cookie\"><span class=\"Stile3\">https:\/\/support.mozilla.org\/it\/kb\/Gestione%20dei%20cookie<\/span><\/a> <\/td>\n<\/tr>\n<tr>\n<td><span class=\"Stile3\">Google Chrome<\/span><\/td>\n<td><a href=\"https:\/\/support.google.com\/chrome\/answer\/95647?hl=it\"><span class=\"Stile3\">https:\/\/support.google.com\/chrome\/answer\/95647?hl=it<\/span><\/a> <\/td>\n<\/tr>\n<tr>\n<td><span class=\"Stile3\">Internet Explorer<\/span><\/td>\n<td><a href=\"http:\/\/windows.microsoft.com\/it-it\/windows-vista\/block-or-allow-cookies\"><span class=\"Stile3\">http:\/\/windows.microsoft.com\/it-it\/windows-vista\/block-or-allow-cookies<\/span><\/a> <\/td>\n<\/tr>\n<tr>\n<td><span class=\"Stile3\">Safari 6\/7 Mavericks<\/span><\/td>\n<td><a href=\"https:\/\/support.apple.com\/kb\/PH17191?viewlocale=it_IT&amp;locale=it_IT\"><span class=\"Stile3\">https:\/\/support.apple.com\/kb\/PH17191?viewlocale=it_IT&amp;locale=it_IT<\/span><\/a> <\/td>\n<\/tr>\n<tr>\n<td><span class=\"Stile3\">Safari 8 Yosemite<\/span><\/td>\n<td><a href=\"https:\/\/support.apple.com\/kb\/PH19214?viewlocale=it_IT&amp;locale=it_IT\"><span class=\"Stile3\">https:\/\/support.apple.com\/kb\/PH19214?viewlocale=it_IT&amp;locale=it_IT<\/span><\/a> <\/td>\n<\/tr>\n<tr>\n<td><span class=\"Stile3\">Safari auf iPhone, iPad oder iPod touch<\/span><\/td>\n<td><a href=\"https:\/\/support.apple.com\/it-it\/HT201265\"><span class=\"Stile3\">https:\/\/support.apple.com\/it-it\/HT201265<\/span><\/a> <\/td>\n<\/tr>\n<\/tbody>\n<\/table>\n<span class=\"Stile3\">Mit den von Dritten zur Verf\u00fcgung gestellten Methoden<br>Um Cookies von Drittanbietern zu deaktivieren, konsultieren Sie die Datenschutzrichtlinien von Drittanbietern, die Analyse-Cookies oder Profiling-Cookies installieren, um sich \u00fcber die anderen Tools zu informieren, die Ihnen zum Verwalten, Deaktivieren und L\u00f6schen von Cookies zur Verf\u00fcgung stehen, und ganz allgemein, um ihrer Verwendung zu widersprechen. Denken Sie daran, dass Sie durch das Deaktivieren von Cookies von Drittanbietern deren Verwendung nicht nur auf der Website, sondern auf allen Internetseiten widersprechen, auf denen diese Cookies verwendet werden. Wenn Sie Cookies von Drittanbietern deaktivieren, sehen Sie immer noch das Banner auf der Homepage der Website, das sich auf Cookies bezieht; In diesem Fall erhalten Sie jedoch durch Schlie\u00dfen des Banners, Scrollen der Startseite oder Klicken auf ein anderes Element der Startseite als das Banner keine Cookies von Drittanbietern, die Sie korrekt deaktiviert haben.<\/span>\n<p> <\/p>\n<\/div>\n<br><br><span class=\"Stile3\">Wie kontrolliert man Cookies?<br>Sie k\u00f6nnen die Cookies nach Belieben kontrollieren und\/oder \u00fcberpr\u00fcfen \u2013 um mehr zu erfahren, gehen Sie zu aboutcookies.org. Sie k\u00f6nnen bereits auf Ihrem Computer vorhandene Cookies l\u00f6schen und fast alle Browser so einstellen, dass deren Installation blockiert wird. Wenn Sie diese Option w\u00e4hlen, m\u00fcssen Sie jedoch bei jedem Besuch der Website einige Einstellungen manuell \u00e4ndern, und es ist m\u00f6glich, dass einige Dienste oder bestimmte Funktionen nicht verf\u00fcgbar sind.<\/span><\/div>\t\t\t\t\t\t\t\t<\/div>\n\t\t\t\t<\/div>\n\t\t\t\t\t<\/div>\n\t\t<\/div>\n\t\t\t\t\t<\/div>\n\t\t<\/section>\n\t\t\t\t<\/div>\n\t\t","protected":false},"excerpt":{"rendered":"<p>Cryss House &#8211; Cookie-Richtlinie COOKIE-RICHTLINIE Cookie-Richtlinie von www.crysshouse.it Die \u201eWebsite\u201c (http:\/\/www.crysshouse.it \/) verwendet Cookies, um unsere Dienste f\u00fcr Benutzer, die die Seiten von http:\/\/www.crysshouse.it \/ anzeigen, einfach und effizient zu gestalten.Benutzer, die die Website anzeigen, sehen minimale Mengen an Informationen, &hellip; <a href=\"https:\/\/crysshouse.it\/de\/cookie-policy\/\">Read More<\/a><\/p>\n","protected":false},"author":1,"featured_media":0,"parent":0,"menu_order":0,"comment_status":"closed","ping_status":"open","template":"","meta":{"footnotes":""},"class_list":["post-1368","page","type-page","status-publish","hentry"],"yoast_head":"<!-- This site is optimized with the Yoast SEO Premium plugin v18.5 (Yoast SEO v25.1) - https:\/\/yoast.com\/wordpress\/plugins\/seo\/ -->\n<title>Cookie-Richtlinie - Casa vacanze ampi alloggi di Lusso e piscina. Villa sul lago di Garda.<\/title>\n<meta name=\"robots\" content=\"index, follow, max-snippet:-1, max-image-preview:large, max-video-preview:-1\" \/>\n<link rel=\"canonical\" href=\"https:\/\/crysshouse.it\/de\/cookie-policy\/\" \/>\n<meta property=\"og:locale\" content=\"de_DE\" \/>\n<meta property=\"og:type\" content=\"article\" \/>\n<meta property=\"og:title\" content=\"Cookie-Richtlinie\" \/>\n<meta property=\"og:description\" content=\"Cryss House &#8211; Cookie-Richtlinie COOKIE-RICHTLINIE Cookie-Richtlinie von www.crysshouse.it Die \u201eWebsite\u201c (http:\/\/www.crysshouse.it \/) verwendet Cookies, um unsere Dienste f\u00fcr Benutzer, die die Seiten von http:\/\/www.crysshouse.it \/ anzeigen, einfach und effizient zu gestalten.Benutzer, die die Website anzeigen, sehen minimale Mengen an Informationen, &hellip; Read More\" \/>\n<meta property=\"og:url\" content=\"https:\/\/crysshouse.it\/de\/cookie-policy\/\" \/>\n<meta property=\"og:site_name\" content=\"Casa vacanze ampi alloggi di Lusso e piscina. Villa sul lago di Garda.\" \/>\n<meta property=\"article:modified_time\" content=\"2022-06-14T15:17:20+00:00\" \/>\n<meta name=\"twitter:card\" content=\"summary_large_image\" \/>\n<meta name=\"twitter:label1\" content=\"Gesch\u00e4tzte Lesezeit\" \/>\n\t<meta name=\"twitter:data1\" content=\"7\u00a0Minuten\" \/>\n<script type=\"application\/ld+json\" class=\"yoast-schema-graph\">{\"@context\":\"https:\/\/schema.org\",\"@graph\":[{\"@type\":\"WebPage\",\"@id\":\"https:\/\/crysshouse.it\/de\/cookie-policy\/\",\"url\":\"https:\/\/crysshouse.it\/de\/cookie-policy\/\",\"name\":\"Cookie-Richtlinie - Casa vacanze ampi alloggi di Lusso e piscina. Villa sul lago di Garda.\",\"isPartOf\":{\"@id\":\"https:\/\/crysshouse.it\/#website\"},\"datePublished\":\"2022-05-11T14:49:31+00:00\",\"dateModified\":\"2022-06-14T15:17:20+00:00\",\"breadcrumb\":{\"@id\":\"https:\/\/crysshouse.it\/de\/cookie-policy\/#breadcrumb\"},\"inLanguage\":\"de\",\"potentialAction\":[{\"@type\":\"ReadAction\",\"target\":[\"https:\/\/crysshouse.it\/de\/cookie-policy\/\"]}]},{\"@type\":\"BreadcrumbList\",\"@id\":\"https:\/\/crysshouse.it\/de\/cookie-policy\/#breadcrumb\",\"itemListElement\":[{\"@type\":\"ListItem\",\"position\":1,\"name\":\"Home\",\"item\":\"https:\/\/crysshouse.it\/\"},{\"@type\":\"ListItem\",\"position\":2,\"name\":\"Cookie-Richtlinie\"}]},{\"@type\":\"WebSite\",\"@id\":\"https:\/\/crysshouse.it\/#website\",\"url\":\"https:\/\/crysshouse.it\/\",\"name\":\"Casa vacanze ampi alloggi di Lusso e piscina. Villa sul lago di Garda.\",\"description\":\"Cryss House villa con alloggi di lusso completamente ristrutturati sul Lago di Garda. Casa vacanze con ogni comfort vista lago, piscina, parcheggio e giardino.\",\"publisher\":{\"@id\":\"https:\/\/crysshouse.it\/#organization\"},\"potentialAction\":[{\"@type\":\"SearchAction\",\"target\":{\"@type\":\"EntryPoint\",\"urlTemplate\":\"https:\/\/crysshouse.it\/?s={search_term_string}\"},\"query-input\":{\"@type\":\"PropertyValueSpecification\",\"valueRequired\":true,\"valueName\":\"search_term_string\"}}],\"inLanguage\":\"de\"},{\"@type\":\"Organization\",\"@id\":\"https:\/\/crysshouse.it\/#organization\",\"name\":\"Casa vacanze ampi alloggi di Lusso e piscina. Villa sul lago di Garda.\",\"url\":\"https:\/\/crysshouse.it\/\",\"logo\":{\"@type\":\"ImageObject\",\"inLanguage\":\"de\",\"@id\":\"https:\/\/crysshouse.it\/#\/schema\/logo\/image\/\",\"url\":\"https:\/\/crysshouse.it\/wp-content\/uploads\/2022\/05\/cropped-cropped-crysshouse-logo.png\",\"contentUrl\":\"https:\/\/crysshouse.it\/wp-content\/uploads\/2022\/05\/cropped-cropped-crysshouse-logo.png\",\"width\":911,\"height\":296,\"caption\":\"Casa vacanze ampi alloggi di Lusso e piscina. Villa sul lago di Garda.\"},\"image\":{\"@id\":\"https:\/\/crysshouse.it\/#\/schema\/logo\/image\/\"}}]}<\/script>\n<!-- \/ Yoast SEO Premium plugin. -->","yoast_head_json":{"title":"Cookie-Richtlinie - Casa vacanze ampi alloggi di Lusso e piscina. Villa sul lago di Garda.","robots":{"index":"index","follow":"follow","max-snippet":"max-snippet:-1","max-image-preview":"max-image-preview:large","max-video-preview":"max-video-preview:-1"},"canonical":"https:\/\/crysshouse.it\/de\/cookie-policy\/","og_locale":"de_DE","og_type":"article","og_title":"Cookie-Richtlinie","og_description":"Cryss House &#8211; Cookie-Richtlinie COOKIE-RICHTLINIE Cookie-Richtlinie von www.crysshouse.it Die \u201eWebsite\u201c (http:\/\/www.crysshouse.it \/) verwendet Cookies, um unsere Dienste f\u00fcr Benutzer, die die Seiten von http:\/\/www.crysshouse.it \/ anzeigen, einfach und effizient zu gestalten.Benutzer, die die Website anzeigen, sehen minimale Mengen an Informationen, &hellip; Read More","og_url":"https:\/\/crysshouse.it\/de\/cookie-policy\/","og_site_name":"Casa vacanze ampi alloggi di Lusso e piscina. Villa sul lago di Garda.","article_modified_time":"2022-06-14T15:17:20+00:00","twitter_card":"summary_large_image","twitter_misc":{"Gesch\u00e4tzte Lesezeit":"7\u00a0Minuten"},"schema":{"@context":"https:\/\/schema.org","@graph":[{"@type":"WebPage","@id":"https:\/\/crysshouse.it\/de\/cookie-policy\/","url":"https:\/\/crysshouse.it\/de\/cookie-policy\/","name":"Cookie-Richtlinie - Casa vacanze ampi alloggi di Lusso e piscina. Villa sul lago di Garda.","isPartOf":{"@id":"https:\/\/crysshouse.it\/#website"},"datePublished":"2022-05-11T14:49:31+00:00","dateModified":"2022-06-14T15:17:20+00:00","breadcrumb":{"@id":"https:\/\/crysshouse.it\/de\/cookie-policy\/#breadcrumb"},"inLanguage":"de","potentialAction":[{"@type":"ReadAction","target":["https:\/\/crysshouse.it\/de\/cookie-policy\/"]}]},{"@type":"BreadcrumbList","@id":"https:\/\/crysshouse.it\/de\/cookie-policy\/#breadcrumb","itemListElement":[{"@type":"ListItem","position":1,"name":"Home","item":"https:\/\/crysshouse.it\/"},{"@type":"ListItem","position":2,"name":"Cookie-Richtlinie"}]},{"@type":"WebSite","@id":"https:\/\/crysshouse.it\/#website","url":"https:\/\/crysshouse.it\/","name":"Casa vacanze ampi alloggi di Lusso e piscina. Villa sul lago di Garda.","description":"Cryss House villa con alloggi di lusso completamente ristrutturati sul Lago di Garda. Casa vacanze con ogni comfort vista lago, piscina, parcheggio e giardino.","publisher":{"@id":"https:\/\/crysshouse.it\/#organization"},"potentialAction":[{"@type":"SearchAction","target":{"@type":"EntryPoint","urlTemplate":"https:\/\/crysshouse.it\/?s={search_term_string}"},"query-input":{"@type":"PropertyValueSpecification","valueRequired":true,"valueName":"search_term_string"}}],"inLanguage":"de"},{"@type":"Organization","@id":"https:\/\/crysshouse.it\/#organization","name":"Casa vacanze ampi alloggi di Lusso e piscina. Villa sul lago di Garda.","url":"https:\/\/crysshouse.it\/","logo":{"@type":"ImageObject","inLanguage":"de","@id":"https:\/\/crysshouse.it\/#\/schema\/logo\/image\/","url":"https:\/\/crysshouse.it\/wp-content\/uploads\/2022\/05\/cropped-cropped-crysshouse-logo.png","contentUrl":"https:\/\/crysshouse.it\/wp-content\/uploads\/2022\/05\/cropped-cropped-crysshouse-logo.png","width":911,"height":296,"caption":"Casa vacanze ampi alloggi di Lusso e piscina. Villa sul lago di Garda."},"image":{"@id":"https:\/\/crysshouse.it\/#\/schema\/logo\/image\/"}}]}},"_links":{"self":[{"href":"https:\/\/crysshouse.it\/de\/wp-json\/wp\/v2\/pages\/1368","targetHints":{"allow":["GET"]}}],"collection":[{"href":"https:\/\/crysshouse.it\/de\/wp-json\/wp\/v2\/pages"}],"about":[{"href":"https:\/\/crysshouse.it\/de\/wp-json\/wp\/v2\/types\/page"}],"author":[{"embeddable":true,"href":"https:\/\/crysshouse.it\/de\/wp-json\/wp\/v2\/users\/1"}],"replies":[{"embeddable":true,"href":"https:\/\/crysshouse.it\/de\/wp-json\/wp\/v2\/comments?post=1368"}],"version-history":[{"count":20,"href":"https:\/\/crysshouse.it\/de\/wp-json\/wp\/v2\/pages\/1368\/revisions"}],"predecessor-version":[{"id":1673,"href":"https:\/\/crysshouse.it\/de\/wp-json\/wp\/v2\/pages\/1368\/revisions\/1673"}],"wp:attachment":[{"href":"https:\/\/crysshouse.it\/de\/wp-json\/wp\/v2\/media?parent=1368"}],"curies":[{"name":"wp","href":"https:\/\/api.w.org\/{rel}","templated":true}]}}