{"id":1430,"date":"2022-05-09T11:13:42","date_gmt":"2022-05-09T11:13:42","guid":{"rendered":"https:\/\/crysshouse.datacentersiur.com\/datenschutz-bestimmungen\/"},"modified":"2022-06-14T15:17:20","modified_gmt":"2022-06-14T15:17:20","slug":"privacy-policy","status":"publish","type":"page","link":"https:\/\/crysshouse.it\/de\/privacy-policy\/","title":{"rendered":"Datenschutz-Bestimmungen"},"content":{"rendered":"\t\t<div data-elementor-type=\"wp-page\" data-elementor-id=\"1430\" class=\"elementor elementor-1430 elementor-3\">\n\t\t\t\t\t\t<section class=\"elementor-section elementor-top-section elementor-element elementor-element-53b86ceb elementor-section-boxed elementor-section-height-default elementor-section-height-default\" data-id=\"53b86ceb\" data-element_type=\"section\">\n\t\t\t\t\t\t<div class=\"elementor-container elementor-column-gap-default\">\n\t\t\t\t\t<div class=\"elementor-column elementor-col-100 elementor-top-column elementor-element elementor-element-57edcb99\" data-id=\"57edcb99\" data-element_type=\"column\">\n\t\t\t<div class=\"elementor-widget-wrap elementor-element-populated\">\n\t\t\t\t\t\t<div class=\"elementor-element elementor-element-4093c8fe elementor-widget elementor-widget-text-editor\" data-id=\"4093c8fe\" data-element_type=\"widget\" data-widget_type=\"text-editor.default\">\n\t\t\t\t<div class=\"elementor-widget-container\">\n\t\t\t\t\t\t\t\t\t\n<figure class=\"wp-block-image\"><img alt=\"\"><\/figure>\n\n\n\n<h1>Cryss-Haus &#8211; Datenschutzrichtlinie<\/h1>\n\n\n\n<h2>DATENSCHUTZ-BESTIMMUNGEN<\/h2>\n\n\n\n<h2>Datenschutzrichtlinie von www.crysshouse.it<\/h2>\n\n\n\n<hr class=\"wp-block-separator\">\n\n\n\n<h2>Datencontroller<\/h2>\n\n\n\n<p>Cryss House von Cristina Tirelli<br>Via Pulciano Gaino, 23 &#8211; 25088 Toscolano-Maderno &#8211; Bs &#8211;<br>CF TRLCST61D44 B012I<\/p>\n\n\n\n<p><strong>Datenverarbeiter<\/strong> : Cristina Tirelli \/ p&gt;<\/p>\n\n\n\n<hr class=\"wp-block-separator\">\n\n\n\n<p>In \u00dcbereinstimmung mit den Verpflichtungen, die sich aus der nationalen Gesetzgebung (Gesetzesdekret 30. Juni 2003 Nr. 196, Kodex zum Schutz personenbezogener Daten) und der Gemeinschaft (Europ\u00e4ische Verordnung zum Schutz personenbezogener Daten Nr. 679\/2016, DSGVO) und sp\u00e4teren \u00c4nderungen ergeben , respektiert und sch\u00fctzt diese Website die Privatsph\u00e4re von Besuchern und Benutzern und unternimmt alle m\u00f6glichen und angemessenen Anstrengungen, um die Rechte der Benutzer nicht zu verletzen.&nbsp;<br>Diese Datenschutzerkl\u00e4rung gilt ausschlie\u00dflich f\u00fcr die Online-Aktivit\u00e4ten dieser Seite und gilt f\u00fcr Besucher\/Nutzer der Seite. Sie gilt nicht f\u00fcr Informationen, die \u00fcber andere Kan\u00e4le als diese Website gesammelt werden.<br>Der Zweck der Datenschutzrichtlinie besteht darin, maximale Transparenz in Bezug auf die Informationen zu bieten, die die Website sammelt und wie sie sie verwendet.<\/p>\n\n\n\n<p>Auf dieser Seite wird beschrieben, wie die \u00fcber diese Website erfassten personenbezogenen Daten (Navigationsprotokoll und Cookies) und andere damit verbundene Dienste verwaltet werden, die eine Interaktion mit dem Benutzer beinhalten:<\/p>\n\n\n\n<p>Newsletter-Abonnement;<br>Informationsanfragen.<br><br>Dies ist eine Informationsmitteilung gem\u00e4\u00df Art. 13 der GDPR, g\u00fcltig ausschlie\u00dflich f\u00fcr die Website www.crysshouse.it und nicht f\u00fcr andere Websites, die vom Benutzer \u00fcber Links konsultiert werden k\u00f6nnen<\/p>\n\n\n\n<p>Nutzer (im Folgenden \u201eInteressent\u201c gem\u00e4\u00df Artikel 4 Absatz 1 DSGVO) werden \u00fcber die folgenden allgemeinen Profile informiert, die f\u00fcr alle Verarbeitungsbereiche gelten: Alle Daten werden gegen\u00fcber dem Interessenten auf rechtm\u00e4\u00dfige, korrekte und transparente Weise verarbeitet , in \u00dcbereinstimmung mit den in Artikel 5 der DSGVO festgelegten allgemeinen Grunds\u00e4tzen; besondere Sicherheitsma\u00dfnahmen eingehalten werden, um Datenverlust, illegale oder falsche Verwendung und unbefugten Zugriff zu verhindern; der Datenverantwortliche ist das unterzeichnende Unternehmen in Person des gesetzlichen Vertreters; Der Datenverantwortliche hat einen Datenschutzbeauftragten \/ Datenschutzbeauftragten ernannt &#8211; Kontaktdaten: T. + 39 3358099635 E-Mail&nbsp;<a href=\"mailto:info@crysshouse.it-\">info@crysshouse.it-<\/a>&nbsp;an die Sie sich wenden k\u00f6nnen, um alle in den Artikeln 15-21 der DSGVO vorgesehenen Rechte auszu\u00fcben (Recht auf Auskunft, Berichtigung, L\u00f6schung, Einschr\u00e4nkung, \u00dcbertragbarkeit, Widerspruch) sowie um eine zuvor erteilte Einwilligung zu widerrufen; im Falle der Nichtbeantwortung ihrer Anfragen k\u00f6nnen die interessierten Parteien eine Beschwerde bei der Aufsichtsbeh\u00f6rde f\u00fcr den Schutz personenbezogener Daten einreichen (DSGVO &#8211; Artikel 13, Absatz 2, Buchstabe d). GENAUE INFORMATIONEN<\/p>\n\n\n\n<p>2.1 Navigationsdaten Die Computersysteme und Softwareverfahren, die f\u00fcr den Betrieb dieser Website verwendet werden, erfassen w\u00e4hrend ihres normalen Betriebs einige personenbezogene Daten, deren \u00dcbertragung bei der Verwendung von Internet-Kommunikationsprotokollen implizit ist. Diese Informationen werden nicht erhoben, um identifizierten Interessenten zugeordnet zu werden, sondern k\u00f6nnten aufgrund ihrer Beschaffenheit \u2013 durch Verarbeitung und Verkn\u00fcpfung mit Daten im Besitz von Dritten \u2013 eine Identifizierung der Benutzer erm\u00f6glichen. Diese Datenkategorie umfasst IP-Adressen oder Dom\u00e4nennamen der Computer, die von Benutzern verwendet werden, die sich mit der Website verbinden, die URI-Adressen (Uniform Resource Identifier) der angeforderten Ressourcen, die Uhrzeit der Anfrage, die zum Senden der Anfrage verwendete Methode an den Server, die Gr\u00f6\u00dfe der als Antwort erhaltenen Datei, den numerischen Code, der den Status der vom Server gegebenen Antwort angibt (erfolgreich, Fehler usw.) und andere Parameter in Bezug auf das Betriebssystem und die IT-Umgebung des Benutzers.<\/p>\n\n\n\n<figure class=\"wp-block-table\"><table><tbody><tr><td><strong>Zweck und Rechtsgrundlage der Verarbeitung<\/strong><br>(DSGVO-Art.13, Absatz 1, Buchstabe c)<\/td><td>Diese Daten werden ausschlie\u00dflich dazu verwendet, anonyme statistische Informationen \u00fcber die Nutzung der Website zu erhalten und ihr korrektes Funktionieren zu \u00fcberpr\u00fcfen. Die Daten k\u00f6nnten auch verwendet werden, um die Verantwortlichkeit im Falle hypothetischer Computerkriminalit\u00e4t gegen die Website festzustellen (berechtigte Interessen des Eigent\u00fcmers).<\/td><\/tr><tr><td><strong>Kommunikationsbereich<\/strong><br>(DSGVO-Art.13, Absatz 1, Buchstabe e, f)<\/td><td>Die Daten werden ausschlie\u00dflich von internem Personal verarbeitet, das ordnungsgem\u00e4\u00df autorisiert und in der Verarbeitung geschult ist (DSGVO-Art. 29) und nicht an externe Personen weitergegeben, verbreitet oder in Nicht-EU-L\u00e4nder \u00fcbertragen werden. Nur im Ermittlungsfall k\u00f6nnen sie den zust\u00e4ndigen Beh\u00f6rden zur Verf\u00fcgung gestellt werden.<\/td><\/tr><tr><td><strong>Datenaufbewahrungsfrist<\/strong><\/td><br> <td>(DSGVO-Art.13, Absatz 2, Buchstabe a)<\/td> <td>Die Daten werden in der Regel f\u00fcr kurze Zeit aufbewahrt, mit Ausnahme von Verl\u00e4ngerungen im Zusammenhang mit Ermittlungst\u00e4tigkeiten.<\/td><\/tr><tr><td><strong>Verleihung<\/strong><\/td><br> <td>(GDPR-Art.13, Absatz 2, Buchstabe f)<\/td> <td>Die Daten werden nicht vom Interessenten bereitgestellt, sondern automatisch von den technischen Systemen der Website erfasst.<\/td><\/tr><tr><td><strong>Ort der Behandlung<\/strong><\/td><td>Die von der Website gesammelten Daten werden in der Zentrale des Datenverantwortlichen und im Webhosting-Rechenzentrum verarbeitet. Das f\u00fcr die Datenverarbeitung verantwortliche Webhosting (Aruba Spa, Umsatzsteuer-Identifikationsnummer 01573850516, mit Sitz in 24036 Ponte San Pietro (BG), Via San Clemente 53, das die Daten im Auftrag des Eigent\u00fcmers verarbeitet, befindet sich in der Europ\u00e4ischen Wirtschaftsraum und handelt nach europ\u00e4ischen Standards.<\/td><\/tr><\/tbody><\/table><\/figure>\n\n\n\n<p>2.2 Cookies<\/p>\n\n\n\n<p>F\u00fcr spezifische Informationen k\u00f6nnen Sie konsultieren&nbsp; <a href=\"http:\/\/www.crysshouse.it\/cookie-policy.html\">Cookie-Richtlinie<\/a> 2.3 Newsletter-Abonnement<\/p>\n\n\n\n<p>Der Cryss House Newsletter erm\u00f6glicht den Nutzern ein st\u00e4ndiges und umfangreiches Studium mit n\u00fctzlichen Informationen f\u00fcr Tourismus und Urlaub.<\/p>\n\n\n\n<figure class=\"wp-block-table\"><table><tbody><tr><td><strong>Zweck und Rechtsgrundlage der Verarbeitung<\/strong><br>(DSGVO-Art.13, Absatz 1, Buchstabe c)<\/td><td>Lediglich die E-Mail-Adresse und der Name werden ausschlie\u00dflich f\u00fcr den Versand des Newsletters abgefragt. Die Registrierung unterliegt der Annahme einer spezifischen, freien und informierten Einwilligung (DSGVO-Artikel 6, Absatz 1, Buchstabe a)<\/td><\/tr><tr><td><strong>Kommunikationsbereich<\/strong><br>(DSGVO-Art.13, Absatz 1, Buchstabe e, f)<\/td><td>Die Daten werden ausschlie\u00dflich von internem Personal verarbeitet, das ordnungsgem\u00e4\u00df autorisiert und in der Verarbeitung geschult ist (DSGVO-Art. 29) und nicht an externe Personen weitergegeben, verbreitet oder in Nicht-EU-L\u00e4nder \u00fcbertragen werden. Nur im Ermittlungsfall k\u00f6nnen sie den zust\u00e4ndigen Beh\u00f6rden zur Verf\u00fcgung gestellt werden.<\/td><\/tr><tr><td><strong>Datenaufbewahrungsfrist<\/strong><\/td><br> <td>(DSGVO-Art.13, Absatz 2, Buchstabe a)<\/td> <td>Die Daten werden bis zum eventuellen \u201eAbbestellen\u201c gespeichert, jederzeit frei verf\u00fcgbar \u00fcber den Link am Ende jeder gesendeten Nachricht.<\/td><\/tr><tr><td><strong>Verleihung<\/strong><\/td><br> <td>(DSGVO-Art.13, Absatz 2, Buchstabe f) Ohne<\/td> <td>Angabe der E-Mail-Adresse, des Namens und der Einwilligung kann der Newsletter-Service nicht bezogen werden.<\/td><\/tr><\/tbody><\/table><\/figure>\n\n\n\n<p>2.4 Kontaktanfragen<\/p>\n\n\n\n<p>Die Kontaktformulare auf der Website www.crysshouse.it erm\u00f6glichen es dem Interessenten, einen Kontakt mit den Mitarbeitern anzufordern, und es werden Identifikations- und Kontaktdaten abgefragt.<\/p>\n\n\n\n<figure class=\"wp-block-table\"><table><tbody><tr><td><strong>Zweck und Rechtsgrundlage der Verarbeitung<\/strong><br>(DSGVO-Art.13, Absatz 1, Buchstabe c)<\/td><td>Es werden die Identifikations- und Kontaktdaten abgefragt, die erforderlich sind, um auf die Kontaktanfragen der Interessenten reagieren zu k\u00f6nnen. Das Versenden der Anfrage unterliegt der ausdr\u00fccklichen, freiwilligen und informierten Einwilligung (DSGVO-Artikel 6, Absatz 1, Buchstabe a), dokumentiert durch ein spezielles Kontrollk\u00e4stchen (DSGVO-Artikel 7, Absatz 1).<\/td><\/tr><tr><td><strong>Kommunikationsbereich<\/strong><br>(DSGVO-Art.13, Absatz 1, Buchstabe e, f)<\/td><td>Die Daten werden ausschlie\u00dflich von internem Personal verarbeitet, das ordnungsgem\u00e4\u00df autorisiert und in der Verarbeitung geschult ist (DSGVO-Art. 29) und nicht an externe Personen weitergegeben, verbreitet oder in Nicht-EU-L\u00e4nder \u00fcbertragen werden. Nur im Ermittlungsfall k\u00f6nnen sie den zust\u00e4ndigen Beh\u00f6rden zur Verf\u00fcgung gestellt werden.<\/td><\/tr><tr><td><strong>Datenaufbewahrungsfrist<\/strong><\/td><br> <td>(DSGVO-Art.13, Absatz 2, Buchstabe a)<\/td> <td>Die Daten werden so lange aufbewahrt, wie es mit dem Zweck der Erhebung vereinbar ist.<\/td><\/tr><tr><td><strong>Verleihung<\/strong><\/td><br> <td>(DSGVO-Art.13, Absatz 2, Buchstabe f)<\/td> <td>Die Bereitstellung von Daten in Bezug auf die Pflichtfelder ist erforderlich, um eine Antwort zu erhalten, w\u00e4hrend die optionalen Felder \u2013 Telefonnummer und Kontaktdaten \u2013 darauf abzielen, Cryss House Cristina Tirelli zur Verf\u00fcgung zu stellen zus\u00e4tzliche n\u00fctzliche Elemente zur Kontaktaufnahme.<\/td><\/tr><\/tbody><\/table><\/figure>\n\n\n\n<p>3. VOM NUTZER FREIWILLIG ZUR VERF\u00dcGUNG GESTELLTE DATEN<\/p>\n\n\n\n<p>Das optionale, ausdr\u00fcckliche und freiwillige Versenden von elektronischer und \/ oder gew\u00f6hnlicher Post an die auf dieser Website angegebenen Adressen beinhaltet die anschlie\u00dfende Erfassung der Adresse des Absenders, die zur Beantwortung von Anfragen erforderlich ist, sowie aller anderen in der Nachricht enthaltenen personenbezogenen Daten. Wenn der Absender seinen Lebenslauf sendet, um seine berufliche Bewerbung einzureichen, bleibt er allein verantwortlich f\u00fcr die Relevanz und Richtigkeit der gesendeten Daten. Es wird darauf hingewiesen, dass alle Lehrpl\u00e4ne ohne Genehmigung zur Datenverarbeitung unverz\u00fcglich gel\u00f6scht werden<\/p>\n\n\n\n<p>Gem\u00e4\u00df der Europ\u00e4ischen Verordnung 679\/2016 (DSGVO) und der Kunst. 7 des Gesetzesdekrets 30. Juni 2003, Nr. 196 http:\/\/www.garanteprivacy.it\/web\/guest\/home\/docweb\/-\/docweb-display\/docweb\/1311248 kann der Benutzer gem\u00e4\u00df den Methoden und innerhalb der Grenzen der geltenden Gesetzgebung die folgenden Rechte aus\u00fcben : &#8211; sich aus legitimen Gr\u00fcnden ganz oder teilweise der Verarbeitung personenbezogener Daten zu widersetzen, die ihn betreffen, um Werbe- oder Direktverkaufsmaterial zu versenden oder um Marktforschung oder kommerzielle Kommunikation durchzuf\u00fchren;<br>&#8211; eine Best\u00e4tigung \u00fcber das Vorhandensein ihn betreffender personenbezogener Daten zu verlangen (Auskunftsrecht);<br>&#8211; seinen Ursprung kennen;<br>&#8211; verst\u00e4ndliche Kommunikation erhalten;<br>&#8211; Informationen \u00fcber die Logik, Methoden und Zwecke der Verarbeitung haben;<br>&#8211; die Aktualisierung, Berichtigung, Integration, L\u00f6schung, Umwandlung in anonyme Form, Sperrung von rechtswidrig verarbeiteten Daten zu verlangen, einschlie\u00dflich derjenigen, die f\u00fcr die Verfolgung der Zwecke, f\u00fcr die sie erhoben wurden, nicht mehr erforderlich sind;<br>&#8211; im Falle einer einwilligungsbasierten Verarbeitung die dem Eigent\u00fcmer zur Verf\u00fcgung gestellten Daten auf Kosten jeglicher Unterst\u00fctzung in einer strukturierten und lesbaren Form von einem Datenverarbeiter und in einem Format zu erhalten, das \u00fcblicherweise von einem elektronischen Ger\u00e4t verwendet wird;<br>&#8211; das Recht, eine Beschwerde bei der Aufsichtsbeh\u00f6rde (Datenschutzgarant &#8211; Link zur Seite des Garanten) einzureichen;<br>&#8211; sowie ganz allgemein alle Rechte auszu\u00fcben, die von den geltenden gesetzlichen Bestimmungen anerkannt werden.<br>F\u00fcr den Fall, dass die Daten auf Grundlage berechtigter Interessen verarbeitet werden, werden die Rechte der betroffenen Personen gew\u00e4hrleistet (mit Ausnahme des Rechts auf Daten\u00fcbertragbarkeit, das nicht in den Vorschriften vorgesehen ist), insbesondere das Recht, der Verarbeitung zu widersprechen, die kann durch Senden einer Anfrage an den f\u00fcr die Datenverarbeitung Verantwortlichen ausge\u00fcbt werden. Anfragen sind an den Datenverantwortlichen zu richten.<\/p>\n\n\n\n<p>4. RICHTLINIENAKTUALISIERUNG<\/p>\n\n\n\n<p>Es ist zu beachten, dass diese Informationen regelm\u00e4\u00dfig \u00fcberpr\u00fcft werden k\u00f6nnen, auch in Bezug auf die einschl\u00e4gigen Rechtsvorschriften und die Rechtsprechung. Bei wesentlichen \u00c4nderungen wird auf der Homepage der Seite f\u00fcr eine angemessene Zeit ein entsprechender Hinweis gegeben. Die interessierte Partei wird jedoch gebeten, diese Richtlinie regelm\u00e4\u00dfig zu konsultieren.<br>Diese Datenschutzrichtlinie wurde am 16. Juni 2018 aktualisiert<\/p>\n\t\t\t\t\t\t\t\t<\/div>\n\t\t\t\t<\/div>\n\t\t\t\t\t<\/div>\n\t\t<\/div>\n\t\t\t\t\t<\/div>\n\t\t<\/section>\n\t\t\t\t<\/div>\n\t\t","protected":false},"excerpt":{"rendered":"<p>Cryss-Haus &#8211; Datenschutzrichtlinie DATENSCHUTZ-BESTIMMUNGEN Datenschutzrichtlinie von www.crysshouse.it Datencontroller Cryss House von Cristina TirelliVia Pulciano Gaino, 23 &#8211; 25088 Toscolano-Maderno &#8211; Bs &#8211;CF TRLCST61D44 B012I Datenverarbeiter : Cristina Tirelli \/ p&gt; In \u00dcbereinstimmung mit den Verpflichtungen, die sich aus der nationalen &hellip; <a href=\"https:\/\/crysshouse.it\/de\/privacy-policy\/\">Read More<\/a><\/p>\n","protected":false},"author":1,"featured_media":0,"parent":0,"menu_order":0,"comment_status":"closed","ping_status":"open","template":"","meta":{"footnotes":""},"class_list":["post-1430","page","type-page","status-publish","hentry"],"yoast_head":"<!-- This site is optimized with the Yoast SEO Premium plugin v18.5 (Yoast SEO v25.1) - https:\/\/yoast.com\/wordpress\/plugins\/seo\/ -->\n<title>Datenschutz-Bestimmungen - Casa vacanze ampi alloggi di Lusso e piscina. Villa sul lago di Garda.<\/title>\n<meta name=\"robots\" content=\"index, follow, max-snippet:-1, max-image-preview:large, max-video-preview:-1\" \/>\n<link rel=\"canonical\" href=\"https:\/\/crysshouse.it\/de\/privacy-policy\/\" \/>\n<meta property=\"og:locale\" content=\"de_DE\" \/>\n<meta property=\"og:type\" content=\"article\" \/>\n<meta property=\"og:title\" content=\"Datenschutz-Bestimmungen\" \/>\n<meta property=\"og:description\" content=\"Cryss-Haus &#8211; Datenschutzrichtlinie DATENSCHUTZ-BESTIMMUNGEN Datenschutzrichtlinie von www.crysshouse.it Datencontroller Cryss House von Cristina TirelliVia Pulciano Gaino, 23 &#8211; 25088 Toscolano-Maderno &#8211; Bs &#8211;CF TRLCST61D44 B012I Datenverarbeiter : Cristina Tirelli \/ p&gt; In \u00dcbereinstimmung mit den Verpflichtungen, die sich aus der nationalen &hellip; Read More\" \/>\n<meta property=\"og:url\" content=\"https:\/\/crysshouse.it\/de\/privacy-policy\/\" \/>\n<meta property=\"og:site_name\" content=\"Casa vacanze ampi alloggi di Lusso e piscina. Villa sul lago di Garda.\" \/>\n<meta property=\"article:modified_time\" content=\"2022-06-14T15:17:20+00:00\" \/>\n<meta name=\"twitter:card\" content=\"summary_large_image\" \/>\n<meta name=\"twitter:label1\" content=\"Gesch\u00e4tzte Lesezeit\" \/>\n\t<meta name=\"twitter:data1\" content=\"8\u00a0Minuten\" \/>\n<script type=\"application\/ld+json\" class=\"yoast-schema-graph\">{\"@context\":\"https:\/\/schema.org\",\"@graph\":[{\"@type\":\"WebPage\",\"@id\":\"https:\/\/crysshouse.it\/de\/privacy-policy\/\",\"url\":\"https:\/\/crysshouse.it\/de\/privacy-policy\/\",\"name\":\"Datenschutz-Bestimmungen - Casa vacanze ampi alloggi di Lusso e piscina. Villa sul lago di Garda.\",\"isPartOf\":{\"@id\":\"https:\/\/crysshouse.it\/#website\"},\"datePublished\":\"2022-05-09T11:13:42+00:00\",\"dateModified\":\"2022-06-14T15:17:20+00:00\",\"breadcrumb\":{\"@id\":\"https:\/\/crysshouse.it\/de\/privacy-policy\/#breadcrumb\"},\"inLanguage\":\"de\",\"potentialAction\":[{\"@type\":\"ReadAction\",\"target\":[\"https:\/\/crysshouse.it\/de\/privacy-policy\/\"]}]},{\"@type\":\"BreadcrumbList\",\"@id\":\"https:\/\/crysshouse.it\/de\/privacy-policy\/#breadcrumb\",\"itemListElement\":[{\"@type\":\"ListItem\",\"position\":1,\"name\":\"Home\",\"item\":\"https:\/\/crysshouse.it\/\"},{\"@type\":\"ListItem\",\"position\":2,\"name\":\"Datenschutz-Bestimmungen\"}]},{\"@type\":\"WebSite\",\"@id\":\"https:\/\/crysshouse.it\/#website\",\"url\":\"https:\/\/crysshouse.it\/\",\"name\":\"Casa vacanze ampi alloggi di Lusso e piscina. Villa sul lago di Garda.\",\"description\":\"Cryss House villa con alloggi di lusso completamente ristrutturati sul Lago di Garda. Casa vacanze con ogni comfort vista lago, piscina, parcheggio e giardino.\",\"publisher\":{\"@id\":\"https:\/\/crysshouse.it\/#organization\"},\"potentialAction\":[{\"@type\":\"SearchAction\",\"target\":{\"@type\":\"EntryPoint\",\"urlTemplate\":\"https:\/\/crysshouse.it\/?s={search_term_string}\"},\"query-input\":{\"@type\":\"PropertyValueSpecification\",\"valueRequired\":true,\"valueName\":\"search_term_string\"}}],\"inLanguage\":\"de\"},{\"@type\":\"Organization\",\"@id\":\"https:\/\/crysshouse.it\/#organization\",\"name\":\"Casa vacanze ampi alloggi di Lusso e piscina. Villa sul lago di Garda.\",\"url\":\"https:\/\/crysshouse.it\/\",\"logo\":{\"@type\":\"ImageObject\",\"inLanguage\":\"de\",\"@id\":\"https:\/\/crysshouse.it\/#\/schema\/logo\/image\/\",\"url\":\"https:\/\/crysshouse.it\/wp-content\/uploads\/2022\/05\/cropped-cropped-crysshouse-logo.png\",\"contentUrl\":\"https:\/\/crysshouse.it\/wp-content\/uploads\/2022\/05\/cropped-cropped-crysshouse-logo.png\",\"width\":911,\"height\":296,\"caption\":\"Casa vacanze ampi alloggi di Lusso e piscina. Villa sul lago di Garda.\"},\"image\":{\"@id\":\"https:\/\/crysshouse.it\/#\/schema\/logo\/image\/\"}}]}<\/script>\n<!-- \/ Yoast SEO Premium plugin. -->","yoast_head_json":{"title":"Datenschutz-Bestimmungen - Casa vacanze ampi alloggi di Lusso e piscina. Villa sul lago di Garda.","robots":{"index":"index","follow":"follow","max-snippet":"max-snippet:-1","max-image-preview":"max-image-preview:large","max-video-preview":"max-video-preview:-1"},"canonical":"https:\/\/crysshouse.it\/de\/privacy-policy\/","og_locale":"de_DE","og_type":"article","og_title":"Datenschutz-Bestimmungen","og_description":"Cryss-Haus &#8211; Datenschutzrichtlinie DATENSCHUTZ-BESTIMMUNGEN Datenschutzrichtlinie von www.crysshouse.it Datencontroller Cryss House von Cristina TirelliVia Pulciano Gaino, 23 &#8211; 25088 Toscolano-Maderno &#8211; Bs &#8211;CF TRLCST61D44 B012I Datenverarbeiter : Cristina Tirelli \/ p&gt; In \u00dcbereinstimmung mit den Verpflichtungen, die sich aus der nationalen &hellip; Read More","og_url":"https:\/\/crysshouse.it\/de\/privacy-policy\/","og_site_name":"Casa vacanze ampi alloggi di Lusso e piscina. Villa sul lago di Garda.","article_modified_time":"2022-06-14T15:17:20+00:00","twitter_card":"summary_large_image","twitter_misc":{"Gesch\u00e4tzte Lesezeit":"8\u00a0Minuten"},"schema":{"@context":"https:\/\/schema.org","@graph":[{"@type":"WebPage","@id":"https:\/\/crysshouse.it\/de\/privacy-policy\/","url":"https:\/\/crysshouse.it\/de\/privacy-policy\/","name":"Datenschutz-Bestimmungen - Casa vacanze ampi alloggi di Lusso e piscina. Villa sul lago di Garda.","isPartOf":{"@id":"https:\/\/crysshouse.it\/#website"},"datePublished":"2022-05-09T11:13:42+00:00","dateModified":"2022-06-14T15:17:20+00:00","breadcrumb":{"@id":"https:\/\/crysshouse.it\/de\/privacy-policy\/#breadcrumb"},"inLanguage":"de","potentialAction":[{"@type":"ReadAction","target":["https:\/\/crysshouse.it\/de\/privacy-policy\/"]}]},{"@type":"BreadcrumbList","@id":"https:\/\/crysshouse.it\/de\/privacy-policy\/#breadcrumb","itemListElement":[{"@type":"ListItem","position":1,"name":"Home","item":"https:\/\/crysshouse.it\/"},{"@type":"ListItem","position":2,"name":"Datenschutz-Bestimmungen"}]},{"@type":"WebSite","@id":"https:\/\/crysshouse.it\/#website","url":"https:\/\/crysshouse.it\/","name":"Casa vacanze ampi alloggi di Lusso e piscina. Villa sul lago di Garda.","description":"Cryss House villa con alloggi di lusso completamente ristrutturati sul Lago di Garda. Casa vacanze con ogni comfort vista lago, piscina, parcheggio e giardino.","publisher":{"@id":"https:\/\/crysshouse.it\/#organization"},"potentialAction":[{"@type":"SearchAction","target":{"@type":"EntryPoint","urlTemplate":"https:\/\/crysshouse.it\/?s={search_term_string}"},"query-input":{"@type":"PropertyValueSpecification","valueRequired":true,"valueName":"search_term_string"}}],"inLanguage":"de"},{"@type":"Organization","@id":"https:\/\/crysshouse.it\/#organization","name":"Casa vacanze ampi alloggi di Lusso e piscina. Villa sul lago di Garda.","url":"https:\/\/crysshouse.it\/","logo":{"@type":"ImageObject","inLanguage":"de","@id":"https:\/\/crysshouse.it\/#\/schema\/logo\/image\/","url":"https:\/\/crysshouse.it\/wp-content\/uploads\/2022\/05\/cropped-cropped-crysshouse-logo.png","contentUrl":"https:\/\/crysshouse.it\/wp-content\/uploads\/2022\/05\/cropped-cropped-crysshouse-logo.png","width":911,"height":296,"caption":"Casa vacanze ampi alloggi di Lusso e piscina. Villa sul lago di Garda."},"image":{"@id":"https:\/\/crysshouse.it\/#\/schema\/logo\/image\/"}}]}},"_links":{"self":[{"href":"https:\/\/crysshouse.it\/de\/wp-json\/wp\/v2\/pages\/1430","targetHints":{"allow":["GET"]}}],"collection":[{"href":"https:\/\/crysshouse.it\/de\/wp-json\/wp\/v2\/pages"}],"about":[{"href":"https:\/\/crysshouse.it\/de\/wp-json\/wp\/v2\/types\/page"}],"author":[{"embeddable":true,"href":"https:\/\/crysshouse.it\/de\/wp-json\/wp\/v2\/users\/1"}],"replies":[{"embeddable":true,"href":"https:\/\/crysshouse.it\/de\/wp-json\/wp\/v2\/comments?post=1430"}],"version-history":[{"count":8,"href":"https:\/\/crysshouse.it\/de\/wp-json\/wp\/v2\/pages\/1430\/revisions"}],"predecessor-version":[{"id":1677,"href":"https:\/\/crysshouse.it\/de\/wp-json\/wp\/v2\/pages\/1430\/revisions\/1677"}],"wp:attachment":[{"href":"https:\/\/crysshouse.it\/de\/wp-json\/wp\/v2\/media?parent=1430"}],"curies":[{"name":"wp","href":"https:\/\/api.w.org\/{rel}","templated":true}]}}