{"id":1458,"date":"2022-06-14T14:46:38","date_gmt":"2022-06-14T14:46:38","guid":{"rendered":"https:\/\/crysshouse.datacentersiur.com\/kontakte\/"},"modified":"2022-06-16T10:55:45","modified_gmt":"2022-06-16T10:55:45","slug":"kontakte","status":"publish","type":"page","link":"https:\/\/crysshouse.it\/de\/kontakte\/","title":{"rendered":"Kontakte"},"content":{"rendered":"\t\t<div data-elementor-type=\"wp-page\" data-elementor-id=\"1458\" class=\"elementor elementor-1458 elementor-56\">\n\t\t\t\t\t\t<section class=\"elementor-section elementor-top-section elementor-element elementor-element-2230d58c elementor-section-height-min-height elementor-section-boxed elementor-section-height-default elementor-section-items-middle\" data-id=\"2230d58c\" data-element_type=\"section\" data-settings=\"{&quot;background_background&quot;:&quot;classic&quot;}\">\n\t\t\t\t\t\t\t<div class=\"elementor-background-overlay\"><\/div>\n\t\t\t\t\t\t\t<div class=\"elementor-container elementor-column-gap-default\">\n\t\t\t\t\t<div class=\"elementor-column elementor-col-100 elementor-top-column elementor-element elementor-element-4a8aa24c\" data-id=\"4a8aa24c\" data-element_type=\"column\">\n\t\t\t<div class=\"elementor-widget-wrap elementor-element-populated\">\n\t\t\t\t\t\t<div class=\"elementor-element elementor-element-3b590ed elementor-view-default elementor-position-top elementor-widget elementor-widget-themo-header\" data-id=\"3b590ed\" data-element_type=\"widget\" data-widget_type=\"themo-header.default\">\n\t\t\t\t<div class=\"elementor-widget-container\">\n\t\t\t\t\t\t\t<div class=\"th-header-wrap\">\n        <div class=\"elementor-icon-box-wrapper \">\n                            <div class=\"elementor-icon-box-content\">\n                    <h1 class=\"elementor-icon-box-title\">\n                        Anfrage Informationen                    <\/h1>\n                                            <span class=\"th-header-divider\"><\/span>\n                                        <p class=\"elementor-icon-box-description\"><\/p>\n\n                                    <\/div>\n            <\/div>\n\n        <\/div>\n\n\t\t\t\t\t\t<\/div>\n\t\t\t\t<\/div>\n\t\t\t\t\t<\/div>\n\t\t<\/div>\n\t\t\t\t\t<\/div>\n\t\t<\/section>\n\t\t\t\t<section class=\"elementor-section elementor-top-section elementor-element elementor-element-7293d5b8 thmv-remove-boxed-width elementor-section-boxed elementor-section-height-default elementor-section-height-default\" data-id=\"7293d5b8\" data-element_type=\"section\" data-settings=\"{&quot;background_background&quot;:&quot;gradient&quot;}\">\n\t\t\t\t\t\t<div class=\"elementor-container elementor-column-gap-default\">\n\t\t\t\t\t<div class=\"elementor-column elementor-col-50 elementor-top-column elementor-element elementor-element-4587e51d\" data-id=\"4587e51d\" data-element_type=\"column\" data-settings=\"{&quot;background_background&quot;:&quot;classic&quot;}\">\n\t\t\t<div class=\"elementor-widget-wrap elementor-element-populated\">\n\t\t\t\t\t\t<div class=\"elementor-element elementor-element-64bde9f elementor-position-left elementor-view-default elementor-widget elementor-widget-themo-header\" data-id=\"64bde9f\" data-element_type=\"widget\" data-widget_type=\"themo-header.default\">\n\t\t\t\t<div class=\"elementor-widget-container\">\n\t\t\t\t\t\t\t<div class=\"th-header-wrap\">\n        <div class=\"elementor-icon-box-wrapper \">\n                            <div class=\"elementor-icon-box-content\">\n                    <h3 class=\"elementor-icon-box-title\">\n                        Nehmen Sie Kontakt mit uns <span>auf<\/span>                    <\/h3>\n                                        <p class=\"elementor-icon-box-description\"><\/p>\n\n                                    <\/div>\n            <\/div>\n\n        <\/div>\n\n\t\t\t\t\t\t<\/div>\n\t\t\t\t<\/div>\n\t\t\t\t<div class=\"elementor-element elementor-element-58f076ed elementor-position-left elementor-view-default elementor-widget elementor-widget-themo-header\" data-id=\"58f076ed\" data-element_type=\"widget\" data-widget_type=\"themo-header.default\">\n\t\t\t\t<div class=\"elementor-widget-container\">\n\t\t\t\t\t\t\t<div class=\"th-header-wrap\">\n        <div class=\"elementor-icon-box-wrapper th-show-icon\">\n                            <div class=\"elementor-icon-box-icon th-icon-size-sm\">\n                    <span class=\"elementor-icon \">\n                        <i aria-hidden=\"true\" class=\"fas fa-mobile-alt\"><\/i>                    <\/span>\n                <\/div>\n                                <div class=\"elementor-icon-box-content\">\n                    <h3 class=\"elementor-icon-box-title\">\n                        Rufen Sie uns an                    <\/h3>\n                                        <p class=\"elementor-icon-box-description\"><p>Uta Klara Maria Rosebrock<br><a href=\"tel:+393287365096\">+39 328 736 5096<\/a><\/p><\/p>\n\n                                    <\/div>\n            <\/div>\n\n        <\/div>\n\n\t\t\t\t\t\t<\/div>\n\t\t\t\t<\/div>\n\t\t\t\t<div class=\"elementor-element elementor-element-f3d2814 elementor-widget-divider--view-line elementor-widget elementor-widget-divider\" data-id=\"f3d2814\" data-element_type=\"widget\" data-widget_type=\"divider.default\">\n\t\t\t\t<div class=\"elementor-widget-container\">\n\t\t\t\t\t\t\t<div class=\"elementor-divider\">\n\t\t\t<span class=\"elementor-divider-separator\">\n\t\t\t\t\t\t<\/span>\n\t\t<\/div>\n\t\t\t\t\t\t<\/div>\n\t\t\t\t<\/div>\n\t\t\t\t<div class=\"elementor-element elementor-element-3c6f8a29 elementor-position-left elementor-view-default elementor-widget elementor-widget-themo-header\" data-id=\"3c6f8a29\" data-element_type=\"widget\" data-widget_type=\"themo-header.default\">\n\t\t\t\t<div class=\"elementor-widget-container\">\n\t\t\t\t\t\t\t<div class=\"th-header-wrap\">\n        <div class=\"elementor-icon-box-wrapper th-show-icon\">\n                            <div class=\"elementor-icon-box-icon th-icon-size-sm\">\n                    <span class=\"elementor-icon \">\n                        <i aria-hidden=\"true\" class=\"fas fa-envelope\"><\/i>                    <\/span>\n                <\/div>\n                                <div class=\"elementor-icon-box-content\">\n                    <h3 class=\"elementor-icon-box-title\">\n                        Schreib uns                    <\/h3>\n                                        <p class=\"elementor-icon-box-description\"><p><a href=\"mailto:info@crysshouse.it\">info@crysshouse.it<\/a><\/p><\/p>\n\n                                    <\/div>\n            <\/div>\n\n        <\/div>\n\n\t\t\t\t\t\t<\/div>\n\t\t\t\t<\/div>\n\t\t\t\t<div class=\"elementor-element elementor-element-52187509 elementor-widget-divider--view-line elementor-widget elementor-widget-divider\" data-id=\"52187509\" data-element_type=\"widget\" data-widget_type=\"divider.default\">\n\t\t\t\t<div class=\"elementor-widget-container\">\n\t\t\t\t\t\t\t<div class=\"elementor-divider\">\n\t\t\t<span class=\"elementor-divider-separator\">\n\t\t\t\t\t\t<\/span>\n\t\t<\/div>\n\t\t\t\t\t\t<\/div>\n\t\t\t\t<\/div>\n\t\t\t\t\t<\/div>\n\t\t<\/div>\n\t\t\t\t<div class=\"elementor-column elementor-col-50 elementor-top-column elementor-element elementor-element-10fd7955\" data-id=\"10fd7955\" data-element_type=\"column\" data-settings=\"{&quot;background_background&quot;:&quot;classic&quot;}\">\n\t\t\t<div class=\"elementor-widget-wrap elementor-element-populated\">\n\t\t\t\t\t\t<div class=\"elementor-element elementor-element-150dc62 elementor-widget elementor-widget-shortcode\" data-id=\"150dc62\" data-element_type=\"widget\" data-widget_type=\"shortcode.default\">\n\t\t\t\t<div class=\"elementor-widget-container\">\n\t\t\t\t\t\t\t<div class=\"elementor-shortcode\"><div class=\"frm_forms  with_frm_style frm_style_stile-di-formidable\" id=\"frm_form_1_container\" >\n<form enctype=\"multipart\/form-data\" method=\"post\" class=\"frm-show-form \" id=\"form_contact-form\" >\n<div class=\"frm_form_fields \">\n<fieldset>\n<legend class=\"frm_screen_reader\">Richiedi informazioni<\/legend>\r\n\r\n<div class=\"frm_fields_container\">\n<input type=\"hidden\" name=\"frm_action\" value=\"create\" \/>\n<input type=\"hidden\" name=\"form_id\" value=\"1\" \/>\n<input type=\"hidden\" name=\"frm_hide_fields_1\" id=\"frm_hide_fields_1\" value=\"\" \/>\n<input type=\"hidden\" name=\"form_key\" value=\"contact-form\" \/>\n<input type=\"hidden\" name=\"item_meta[0]\" value=\"\" \/>\n<input type=\"hidden\" id=\"frm_submit_entry_1\" name=\"frm_submit_entry_1\" value=\"4d8c50a735\" \/><input type=\"hidden\" name=\"_wp_http_referer\" value=\"\/de\/wp-json\/wp\/v2\/pages\/1458\" \/><div id=\"frm_field_1_container\" class=\"frm_form_field form-field  frm_required_field frm_top_container frm_first frm_half\">\r\n    <label for=\"field_qh4icy\" id=\"field_qh4icy_label\" class=\"frm_primary_label\">Nome\r\n        <span class=\"frm_required\" aria-hidden=\"true\">*<\/span>\r\n    <\/label>\r\n    <input type=\"text\" id=\"field_qh4icy\" name=\"item_meta[1]\" value=\"\"  data-reqmsg=\"Questo campo non pu\u00f2 essere vuoto.\" aria-required=\"true\" data-invmsg=\"Name non \u00e8 valido\" aria-invalid=\"false\"  \/>\r\n    \r\n    \r\n<\/div>\n<div id=\"frm_field_3_container\" class=\"frm_form_field form-field  frm_required_field frm_top_container frm_half\">\r\n    <label for=\"field_29yf4d\" id=\"field_29yf4d_label\" class=\"frm_primary_label\">Email\r\n        <span class=\"frm_required\" aria-hidden=\"true\">*<\/span>\r\n    <\/label>\r\n    <input type=\"email\" id=\"field_29yf4d\" name=\"item_meta[3]\" value=\"\"  data-reqmsg=\"Questo campo non pu\u00f2 essere vuoto.\" aria-required=\"true\" data-invmsg=\"Please enter a valid email address\" aria-invalid=\"false\"  \/>\r\n    \r\n    \r\n<\/div>\n<div id=\"frm_field_4_container\" class=\"frm_form_field form-field  frm_required_field frm_top_container frm_full\">\r\n    <label for=\"field_e6lis6\" id=\"field_e6lis6_label\" class=\"frm_primary_label\">Oggetto\r\n        <span class=\"frm_required\" aria-hidden=\"true\">*<\/span>\r\n    <\/label>\r\n    <input type=\"text\" id=\"field_e6lis6\" name=\"item_meta[4]\" value=\"\"  data-reqmsg=\"Questo campo non pu\u00f2 essere vuoto.\" aria-required=\"true\" data-invmsg=\"Subject non \u00e8 valido\" aria-invalid=\"false\"  \/>\r\n    \r\n    \r\n<\/div>\n<div id=\"frm_field_5_container\" class=\"frm_form_field form-field  frm_required_field frm_top_container frm12 frm_first\">\r\n    <label for=\"field_9jv0r1\" id=\"field_9jv0r1_label\" class=\"frm_primary_label\">Messaggio\r\n        <span class=\"frm_required\" aria-hidden=\"true\">*<\/span>\r\n    <\/label>\r\n    <textarea name=\"item_meta[5]\" id=\"field_9jv0r1\" rows=\"5\"  data-reqmsg=\"Questo campo non pu\u00f2 essere vuoto.\" aria-required=\"true\" data-invmsg=\"Messaggio ist ung\u00fcltig\" aria-invalid=\"false\"  ><\/textarea>\r\n    \r\n    \r\n<\/div>\n<div id=\"frm_field_53_container\" class=\"frm_form_field form-field  frm_none_container frm12 frm_first\">\n    <label for=\"g-recaptcha-response\" id=\"field_1op6t_label\" class=\"frm_primary_label\">reCAPTCHA\n        <span class=\"frm_required\" aria-hidden=\"true\"><\/span>\n    <\/label>\n    <div  id=\"field_1op6t\" class=\"frm-g-recaptcha\" data-sitekey=\"6LfwmBohAAAAADc3ZJbTsi2SZQ6jJX2TxjJ6cPMT\" data-size=\"invisible\" data-theme=\"light\"><\/div>\n    \n    \n<\/div>\n\t<input type=\"hidden\" name=\"item_key\" value=\"\" \/>\n\t\t\t<div id=\"frm_field_54_container\">\n\t\t\t<label for=\"field_py1q7\" >\n\t\t\t\tFalls Du menschlich bist, lasse dieses Feld leer.\t\t\t<\/label>\n\t\t\t<input  id=\"field_py1q7\" type=\"text\" class=\"frm_form_field form-field frm_verify\" name=\"item_meta[54]\" value=\"\"  \/>\n\t\t<\/div>\n\t\t<input name=\"frm_state\" type=\"hidden\" value=\"w6jBnT\/mBW\/D4arf1hzGh4lEyIY3WHlYnnifEaS10Zg=\" \/><div class=\"frm_submit\">\r\n\r\n<button class=\"frm_button_submit\" type=\"submit\"  >Invia<\/button>\r\n\r\n<\/div><\/div>\n<\/fieldset>\n<\/div>\n\n<\/form>\n<\/div>\n<\/div>\n\t\t\t\t\t\t<\/div>\n\t\t\t\t<\/div>\n\t\t\t\t\t<\/div>\n\t\t<\/div>\n\t\t\t\t\t<\/div>\n\t\t<\/section>\n\t\t\t\t<section class=\"elementor-section elementor-top-section elementor-element elementor-element-5bc78330 elementor-section-boxed elementor-section-height-default elementor-section-height-default\" data-id=\"5bc78330\" data-element_type=\"section\" data-settings=\"{&quot;background_background&quot;:&quot;classic&quot;}\">\n\t\t\t\t\t\t<div class=\"elementor-container elementor-column-gap-wide\">\n\t\t\t\t\t<div class=\"elementor-column elementor-col-50 elementor-top-column elementor-element elementor-element-55949c12\" data-id=\"55949c12\" data-element_type=\"column\">\n\t\t\t<div class=\"elementor-widget-wrap elementor-element-populated\">\n\t\t\t\t\t\t<div class=\"elementor-element elementor-element-141ee35f elementor-widget elementor-widget-html\" data-id=\"141ee35f\" data-element_type=\"widget\" data-widget_type=\"html.default\">\n\t\t\t\t<div class=\"elementor-widget-container\">\n\t\t\t\t\t<iframe src=\"https:\/\/www.google.com\/maps\/embed?pb=!1m18!1m12!1m3!1d15777.628379504891!2d10.604986153112586!3d45.64847201916253!2m3!1f0!2f0!3f0!3m2!1i1024!2i768!4f13.1!3m3!1m2!1s0x47818b9b4e0fe2dd%3A0xa6a8685cf8a35e3b!2sCryss%20House!5e0!3m2!1sit!2ses!4v1652177615055!5m2!1sit!2ses\" width=\"800\" height=\"700\" style=\"border:0;\" allowfullscreen=\"\" loading=\"lazy\" referrerpolicy=\"no-referrer-when-downgrade\"><\/iframe>\t\t\t\t<\/div>\n\t\t\t\t<\/div>\n\t\t\t\t\t<\/div>\n\t\t<\/div>\n\t\t\t\t<div class=\"elementor-column elementor-col-50 elementor-top-column elementor-element elementor-element-462b4e8b\" data-id=\"462b4e8b\" data-element_type=\"column\">\n\t\t\t<div class=\"elementor-widget-wrap elementor-element-populated\">\n\t\t\t\t\t\t<div class=\"elementor-element elementor-element-6f33e6ef elementor-view-default elementor-position-top elementor-widget elementor-widget-themo-header\" data-id=\"6f33e6ef\" data-element_type=\"widget\" data-widget_type=\"themo-header.default\">\n\t\t\t\t<div class=\"elementor-widget-container\">\n\t\t\t\t\t\t\t<div class=\"th-header-wrap\">\n        <div class=\"elementor-icon-box-wrapper \">\n                            <div class=\"elementor-icon-box-content\">\n                    <h2 class=\"elementor-icon-box-title\">\n                        WO <span>WIR SIND<\/span>                    <\/h2>\n                                        <p class=\"elementor-icon-box-description\"><\/p>\n\n                                    <\/div>\n            <\/div>\n\n        <\/div>\n\n\t\t\t\t\t\t<\/div>\n\t\t\t\t<\/div>\n\t\t\t\t<div class=\"elementor-element elementor-element-26d2ab0f elementor-icon-list--layout-inline elementor-list-item-link-full_width elementor-widget elementor-widget-icon-list\" data-id=\"26d2ab0f\" data-element_type=\"widget\" data-widget_type=\"icon-list.default\">\n\t\t\t\t<div class=\"elementor-widget-container\">\n\t\t\t\t\t\t\t<ul class=\"elementor-icon-list-items elementor-inline-items\">\n\t\t\t\t\t\t\t<li class=\"elementor-icon-list-item elementor-inline-item\">\n\t\t\t\t\t\t\t\t\t\t\t<a href=\"https:\/\/goo.gl\/maps\/4VSUh8UEot69veYb8\">\n\n\t\t\t\t\t\t\t\t\t\t\t\t<span class=\"elementor-icon-list-icon\">\n\t\t\t\t\t\t\t<i aria-hidden=\"true\" class=\"fas fa-map-marker-alt\"><\/i>\t\t\t\t\t\t<\/span>\n\t\t\t\t\t\t\t\t\t\t<span class=\"elementor-icon-list-text\">Via Pulciano Gaino, 23 25088 Toscolano-Maderno (Bs)<\/span>\n\t\t\t\t\t\t\t\t\t\t\t<\/a>\n\t\t\t\t\t\t\t\t\t<\/li>\n\t\t\t\t\t\t<\/ul>\n\t\t\t\t\t\t<\/div>\n\t\t\t\t<\/div>\n\t\t\t\t<div class=\"elementor-element elementor-element-2ff8d536 elementor-widget elementor-widget-text-editor\" data-id=\"2ff8d536\" data-element_type=\"widget\" data-widget_type=\"text-editor.default\">\n\t\t\t\t<div class=\"elementor-widget-container\">\n\t\t\t\t\t\t\t\t\t<div>Die Villa befindet sich in Toscolano Maderno &#8211; Bs &#8211; Badeort mit verschiedenen Str\u00e4nden, an der Westk\u00fcste des Gardasees.<\/div><div>Toscolano Maderno ist eine Stadt r\u00f6mischen Ursprungs, die am Seedelta liegt und im Laufe der Jahre ein wichtiges wirtschaftliches Zentrum f\u00fcr die war<\/div><div>Alto Garda Park dank der produktiven Lebendigkeit der Papierfabriken, die nach jahrhundertealter Tradition die Anf\u00e4nge der Papierindustrie gesehen haben.<\/div><div>Die Kultur des Olivenbaums und der Gartenbau sind sehr wichtig.<\/div><h3><strong>Eine Tour in die Umgebung<\/strong><\/h3><div><a title=\"F\u00e4hrverbindung zum Gardasee\" href=\"http:\/\/www.navigazionelaghi.it\/lago-garda.aspx\" target=\"_blank\" rel=\"noopener noreferrer\">Maderno wird von der F\u00e4hre angesteuert<\/a> , die dieses Ufer mit Torri del Benaco auf der veronesischen Seite verbindet.<\/div><div>Eine acht Kilometer lange Strecke, die mit zahlreichen t\u00e4glichen L\u00e4ufen durchgef\u00fchrt werden kann, intensiviert im Sommer.<\/div><div>In 2 km Entfernung befindet sich das <a title=\"Vittoriale degli Italiani Dichter D'Annunzio\" href=\"https:\/\/www.vittoriale.it\/\" target=\"_blank\" rel=\"noopener noreferrer\">Vittoriale degli Italiani von Gabriele D&#8217;annunzio<\/a> .<\/div>\t\t\t\t\t\t\t\t<\/div>\n\t\t\t\t<\/div>\n\t\t\t\t\t<\/div>\n\t\t<\/div>\n\t\t\t\t\t<\/div>\n\t\t<\/section>\n\t\t\t\t<\/div>\n\t\t","protected":false},"excerpt":{"rendered":"<p>Anfrage Informationen Nehmen Sie Kontakt mit uns auf Rufen Sie uns an Uta Klara Maria Rosebrock+39 328 736 5096 Schreib uns info@crysshouse.it WO WIR SIND Via Pulciano Gaino, 23 25088 Toscolano-Maderno (Bs) Die Villa befindet sich in Toscolano Maderno &#8211; &hellip; <a href=\"https:\/\/crysshouse.it\/de\/kontakte\/\">Read More<\/a><\/p>\n","protected":false},"author":1,"featured_media":0,"parent":0,"menu_order":7,"comment_status":"closed","ping_status":"closed","template":"","meta":{"footnotes":""},"class_list":["post-1458","page","type-page","status-publish","hentry"],"yoast_head":"<!-- This site is optimized with the Yoast SEO Premium plugin v18.5 (Yoast SEO v25.1) - https:\/\/yoast.com\/wordpress\/plugins\/seo\/ -->\n<title>Kontakte - Casa vacanze ampi alloggi di Lusso e piscina. Villa sul lago di Garda.<\/title>\n<meta name=\"robots\" content=\"index, follow, max-snippet:-1, max-image-preview:large, max-video-preview:-1\" \/>\n<link rel=\"canonical\" href=\"https:\/\/crysshouse.it\/de\/kontakte\/\" \/>\n<meta property=\"og:locale\" content=\"de_DE\" \/>\n<meta property=\"og:type\" content=\"article\" \/>\n<meta property=\"og:title\" content=\"Kontakte\" \/>\n<meta property=\"og:description\" content=\"Anfrage Informationen Nehmen Sie Kontakt mit uns auf Rufen Sie uns an Uta Klara Maria Rosebrock+39 328 736 5096 Schreib uns info@crysshouse.it WO WIR SIND Via Pulciano Gaino, 23 25088 Toscolano-Maderno (Bs) Die Villa befindet sich in Toscolano Maderno &#8211; &hellip; Read More\" \/>\n<meta property=\"og:url\" content=\"https:\/\/crysshouse.it\/de\/kontakte\/\" \/>\n<meta property=\"og:site_name\" content=\"Casa vacanze ampi alloggi di Lusso e piscina. Villa sul lago di Garda.\" \/>\n<meta property=\"article:modified_time\" content=\"2022-06-16T10:55:45+00:00\" \/>\n<meta name=\"twitter:card\" content=\"summary_large_image\" \/>\n<meta name=\"twitter:label1\" content=\"Gesch\u00e4tzte Lesezeit\" \/>\n\t<meta name=\"twitter:data1\" content=\"1\u00a0Minute\" \/>\n<script type=\"application\/ld+json\" class=\"yoast-schema-graph\">{\"@context\":\"https:\/\/schema.org\",\"@graph\":[{\"@type\":\"WebPage\",\"@id\":\"https:\/\/crysshouse.it\/de\/kontakte\/\",\"url\":\"https:\/\/crysshouse.it\/de\/kontakte\/\",\"name\":\"Kontakte - Casa vacanze ampi alloggi di Lusso e piscina. Villa sul lago di Garda.\",\"isPartOf\":{\"@id\":\"https:\/\/crysshouse.it\/#website\"},\"datePublished\":\"2022-06-14T14:46:38+00:00\",\"dateModified\":\"2022-06-16T10:55:45+00:00\",\"breadcrumb\":{\"@id\":\"https:\/\/crysshouse.it\/de\/kontakte\/#breadcrumb\"},\"inLanguage\":\"de\",\"potentialAction\":[{\"@type\":\"ReadAction\",\"target\":[\"https:\/\/crysshouse.it\/de\/kontakte\/\"]}]},{\"@type\":\"BreadcrumbList\",\"@id\":\"https:\/\/crysshouse.it\/de\/kontakte\/#breadcrumb\",\"itemListElement\":[{\"@type\":\"ListItem\",\"position\":1,\"name\":\"Home\",\"item\":\"https:\/\/crysshouse.it\/\"},{\"@type\":\"ListItem\",\"position\":2,\"name\":\"Kontakte\"}]},{\"@type\":\"WebSite\",\"@id\":\"https:\/\/crysshouse.it\/#website\",\"url\":\"https:\/\/crysshouse.it\/\",\"name\":\"Casa vacanze ampi alloggi di Lusso e piscina. Villa sul lago di Garda.\",\"description\":\"Cryss House villa con alloggi di lusso completamente ristrutturati sul Lago di Garda. Casa vacanze con ogni comfort vista lago, piscina, parcheggio e giardino.\",\"publisher\":{\"@id\":\"https:\/\/crysshouse.it\/#organization\"},\"potentialAction\":[{\"@type\":\"SearchAction\",\"target\":{\"@type\":\"EntryPoint\",\"urlTemplate\":\"https:\/\/crysshouse.it\/?s={search_term_string}\"},\"query-input\":{\"@type\":\"PropertyValueSpecification\",\"valueRequired\":true,\"valueName\":\"search_term_string\"}}],\"inLanguage\":\"de\"},{\"@type\":\"Organization\",\"@id\":\"https:\/\/crysshouse.it\/#organization\",\"name\":\"Casa vacanze ampi alloggi di Lusso e piscina. Villa sul lago di Garda.\",\"url\":\"https:\/\/crysshouse.it\/\",\"logo\":{\"@type\":\"ImageObject\",\"inLanguage\":\"de\",\"@id\":\"https:\/\/crysshouse.it\/#\/schema\/logo\/image\/\",\"url\":\"https:\/\/crysshouse.it\/wp-content\/uploads\/2022\/05\/cropped-cropped-crysshouse-logo.png\",\"contentUrl\":\"https:\/\/crysshouse.it\/wp-content\/uploads\/2022\/05\/cropped-cropped-crysshouse-logo.png\",\"width\":911,\"height\":296,\"caption\":\"Casa vacanze ampi alloggi di Lusso e piscina. Villa sul lago di Garda.\"},\"image\":{\"@id\":\"https:\/\/crysshouse.it\/#\/schema\/logo\/image\/\"}}]}<\/script>\n<!-- \/ Yoast SEO Premium plugin. -->","yoast_head_json":{"title":"Kontakte - Casa vacanze ampi alloggi di Lusso e piscina. Villa sul lago di Garda.","robots":{"index":"index","follow":"follow","max-snippet":"max-snippet:-1","max-image-preview":"max-image-preview:large","max-video-preview":"max-video-preview:-1"},"canonical":"https:\/\/crysshouse.it\/de\/kontakte\/","og_locale":"de_DE","og_type":"article","og_title":"Kontakte","og_description":"Anfrage Informationen Nehmen Sie Kontakt mit uns auf Rufen Sie uns an Uta Klara Maria Rosebrock+39 328 736 5096 Schreib uns info@crysshouse.it WO WIR SIND Via Pulciano Gaino, 23 25088 Toscolano-Maderno (Bs) Die Villa befindet sich in Toscolano Maderno &#8211; &hellip; Read More","og_url":"https:\/\/crysshouse.it\/de\/kontakte\/","og_site_name":"Casa vacanze ampi alloggi di Lusso e piscina. Villa sul lago di Garda.","article_modified_time":"2022-06-16T10:55:45+00:00","twitter_card":"summary_large_image","twitter_misc":{"Gesch\u00e4tzte Lesezeit":"1\u00a0Minute"},"schema":{"@context":"https:\/\/schema.org","@graph":[{"@type":"WebPage","@id":"https:\/\/crysshouse.it\/de\/kontakte\/","url":"https:\/\/crysshouse.it\/de\/kontakte\/","name":"Kontakte - Casa vacanze ampi alloggi di Lusso e piscina. Villa sul lago di Garda.","isPartOf":{"@id":"https:\/\/crysshouse.it\/#website"},"datePublished":"2022-06-14T14:46:38+00:00","dateModified":"2022-06-16T10:55:45+00:00","breadcrumb":{"@id":"https:\/\/crysshouse.it\/de\/kontakte\/#breadcrumb"},"inLanguage":"de","potentialAction":[{"@type":"ReadAction","target":["https:\/\/crysshouse.it\/de\/kontakte\/"]}]},{"@type":"BreadcrumbList","@id":"https:\/\/crysshouse.it\/de\/kontakte\/#breadcrumb","itemListElement":[{"@type":"ListItem","position":1,"name":"Home","item":"https:\/\/crysshouse.it\/"},{"@type":"ListItem","position":2,"name":"Kontakte"}]},{"@type":"WebSite","@id":"https:\/\/crysshouse.it\/#website","url":"https:\/\/crysshouse.it\/","name":"Casa vacanze ampi alloggi di Lusso e piscina. Villa sul lago di Garda.","description":"Cryss House villa con alloggi di lusso completamente ristrutturati sul Lago di Garda. Casa vacanze con ogni comfort vista lago, piscina, parcheggio e giardino.","publisher":{"@id":"https:\/\/crysshouse.it\/#organization"},"potentialAction":[{"@type":"SearchAction","target":{"@type":"EntryPoint","urlTemplate":"https:\/\/crysshouse.it\/?s={search_term_string}"},"query-input":{"@type":"PropertyValueSpecification","valueRequired":true,"valueName":"search_term_string"}}],"inLanguage":"de"},{"@type":"Organization","@id":"https:\/\/crysshouse.it\/#organization","name":"Casa vacanze ampi alloggi di Lusso e piscina. Villa sul lago di Garda.","url":"https:\/\/crysshouse.it\/","logo":{"@type":"ImageObject","inLanguage":"de","@id":"https:\/\/crysshouse.it\/#\/schema\/logo\/image\/","url":"https:\/\/crysshouse.it\/wp-content\/uploads\/2022\/05\/cropped-cropped-crysshouse-logo.png","contentUrl":"https:\/\/crysshouse.it\/wp-content\/uploads\/2022\/05\/cropped-cropped-crysshouse-logo.png","width":911,"height":296,"caption":"Casa vacanze ampi alloggi di Lusso e piscina. Villa sul lago di Garda."},"image":{"@id":"https:\/\/crysshouse.it\/#\/schema\/logo\/image\/"}}]}},"_links":{"self":[{"href":"https:\/\/crysshouse.it\/de\/wp-json\/wp\/v2\/pages\/1458","targetHints":{"allow":["GET"]}}],"collection":[{"href":"https:\/\/crysshouse.it\/de\/wp-json\/wp\/v2\/pages"}],"about":[{"href":"https:\/\/crysshouse.it\/de\/wp-json\/wp\/v2\/types\/page"}],"author":[{"embeddable":true,"href":"https:\/\/crysshouse.it\/de\/wp-json\/wp\/v2\/users\/1"}],"replies":[{"embeddable":true,"href":"https:\/\/crysshouse.it\/de\/wp-json\/wp\/v2\/comments?post=1458"}],"version-history":[{"count":4,"href":"https:\/\/crysshouse.it\/de\/wp-json\/wp\/v2\/pages\/1458\/revisions"}],"predecessor-version":[{"id":1923,"href":"https:\/\/crysshouse.it\/de\/wp-json\/wp\/v2\/pages\/1458\/revisions\/1923"}],"wp:attachment":[{"href":"https:\/\/crysshouse.it\/de\/wp-json\/wp\/v2\/media?parent=1458"}],"curies":[{"name":"wp","href":"https:\/\/api.w.org\/{rel}","templated":true}]}}